{"id":1004,"date":"2025-10-20T16:13:11","date_gmt":"2025-10-20T16:13:11","guid":{"rendered":"https:\/\/familyzoo.cl\/?post_type=product&#038;p=1004"},"modified":"2026-03-11T00:27:07","modified_gmt":"2026-03-11T03:27:07","slug":"arena-top-k9-aglutinante","status":"publish","type":"product","link":"https:\/\/familyzoo.cl\/index.php\/producto\/arena-top-k9-aglutinante\/","title":{"rendered":"Arena TOP-K9 aglutinante"},"content":{"rendered":"<p>Arena sanitaria para gatos Top-K9 es perfecta para mantener nuestros ambientes limpios de desechos de mascotas y con olores agradables, gracias a su alta calidad permite absorber en 8 segundos (aproximadamente) la orina de nuestros gatos transform\u00e1ndola en peque\u00f1as bolas de arena f\u00e1cil de retirar.<\/p>\n<p>Las arenas para gatos Top-K9 poseen part\u00edculas de carb\u00f3n activo que permite la eliminaci\u00f3n del 99% de olores desagradables y Baking Soda la cual ayuda en la eliminaci\u00f3n del 99% de las bacterias, de esta forma nos permite convivir con nuestra mascota en un lugar limpio, libre de olores y bacterias.<\/p>\n<p>Algunas de las grandes ventajas de la Arena para Gatos Top-K9 son las siguientes:<\/p>\n<p>Es de f\u00e1cil manipulaci\u00f3n.<\/p>\n<p>Elimina el 99% del mal olor.<\/p>\n<p>Combate el 99% de las bacterias.<\/p>\n<p>Absorbe hasta 200% de l\u00edquidos<\/p>\n<p>No se pega a la bandeja, recipiente o ba\u00f1o de la mascota.<\/p>\n<p>Tiene gran duraci\u00f3n y rendimiento.<\/p>\n<p>No es t\u00f3xico<\/p>\n<p>No contiene polvo<\/p>\n","protected":false},"excerpt":{"rendered":"<p>Arena Sanitaria TopK9 talco bebe 2kg<\/p>\n","protected":false},"featured_media":1009,"template":"","meta":[],"product_brand":[62],"product_cat":[61,60],"product_tag":[64,63],"class_list":{"0":"post-1004","1":"product","2":"type-product","3":"status-publish","4":"has-post-thumbnail","6":"product_brand-topk9","7":"product_cat-limpieza","8":"product_cat-topk9","9":"product_tag-arena-sanitaria","10":"product_tag-topk9","12":"first","13":"outofstock","14":"taxable","15":"shipping-taxable","16":"purchasable","17":"product-type-simple"},"jetpack_sharing_enabled":true,"_links":{"self":[{"href":"https:\/\/familyzoo.cl\/index.php\/wp-json\/wp\/v2\/product\/1004","targetHints":{"allow":["GET"]}}],"collection":[{"href":"https:\/\/familyzoo.cl\/index.php\/wp-json\/wp\/v2\/product"}],"about":[{"href":"https:\/\/familyzoo.cl\/index.php\/wp-json\/wp\/v2\/types\/product"}],"wp:featuredmedia":[{"embeddable":true,"href":"https:\/\/familyzoo.cl\/index.php\/wp-json\/wp\/v2\/media\/1009"}],"wp:attachment":[{"href":"https:\/\/familyzoo.cl\/index.php\/wp-json\/wp\/v2\/media?parent=1004"}],"wp:term":[{"taxonomy":"product_brand","embeddable":true,"href":"https:\/\/familyzoo.cl\/index.php\/wp-json\/wp\/v2\/product_brand?post=1004"},{"taxonomy":"product_cat","embeddable":true,"href":"https:\/\/familyzoo.cl\/index.php\/wp-json\/wp\/v2\/product_cat?post=1004"},{"taxonomy":"product_tag","embeddable":true,"href":"https:\/\/familyzoo.cl\/index.php\/wp-json\/wp\/v2\/product_tag?post=1004"}],"curies":[{"name":"wp","href":"https:\/\/api.w.org\/{rel}","templated":true}]}}