{"id":1006,"date":"2025-10-20T16:22:01","date_gmt":"2025-10-20T16:22:01","guid":{"rendered":"https:\/\/familyzoo.cl\/?post_type=product&#038;p=1006"},"modified":"2025-12-21T20:33:26","modified_gmt":"2025-12-21T23:33:26","slug":"arena-aglutinante-topk9-lavanda","status":"publish","type":"product","link":"https:\/\/familyzoo.cl\/index.php\/producto\/arena-aglutinante-topk9-lavanda\/","title":{"rendered":"Arena aglutinante TopK9 Lavanda"},"content":{"rendered":"<p>Arena sanitaria aglutina en solo 3 segundos, lo que permite una limpieza m\u00e1s r\u00e1pida, eficiente y duradera. Gracias a esta r\u00e1pida acci\u00f3n, se reduce el desperdicio de producto y se prolonga su rendimiento, convirti\u00e9ndola en una opci\u00f3n econ\u00f3mica y pr\u00e1ctica para el cuidado diario de los gatos.<\/p>\n<p>Est\u00e1 formulada con bentonita y roca\u00a0volc\u00e1nica 100% natural, lo que potencia su capacidad de\u00a0absorci\u00f3n y aglutinamiento, evitando que los l\u00edquidos\u00a0lleguen al fondo de la bandeja y manteniendo un entorno\u00a0m\u00e1s higi\u00e9nico para la mascota.<\/p>\n<p>Tambi\u00e9n incorpora Iones de Plata, un potente agente\u00a0antimicrobiano que act\u00faa eficazmente contra bacterias,\u00a0virus y hongos presentes en los desechos, protegiendo la\u00a0salud del gato y previniendo la propagaci\u00f3n de pat\u00f3genos\u00a0en el hogar.<\/p>\n<p>Adem\u00e1s, contiene carb\u00f3n activo y agentes desodorantes que neutralizan el amon\u00edaco y encapsulan los malos olores, manteniendo el ambiente fresco y libre de aromas desagradables.<br \/>\nTodo esto, sin generar polvo, cuidando tanto el sistema respiratorio de la mascota y tutor.<\/p>\n","protected":false},"excerpt":{"rendered":"<p><strong>Arena sanitaria TopK9 aglutinante lavanda 2kg<\/strong><\/p>\n","protected":false},"featured_media":1007,"template":"","meta":[],"product_brand":[62],"product_cat":[61,60],"product_tag":[64,63],"class_list":{"0":"post-1006","1":"product","2":"type-product","3":"status-publish","4":"has-post-thumbnail","6":"product_brand-topk9","7":"product_cat-limpieza","8":"product_cat-topk9","9":"product_tag-arena-sanitaria","10":"product_tag-topk9","12":"first","13":"outofstock","14":"taxable","15":"shipping-taxable","16":"purchasable","17":"product-type-simple"},"jetpack_sharing_enabled":true,"_links":{"self":[{"href":"https:\/\/familyzoo.cl\/index.php\/wp-json\/wp\/v2\/product\/1006","targetHints":{"allow":["GET"]}}],"collection":[{"href":"https:\/\/familyzoo.cl\/index.php\/wp-json\/wp\/v2\/product"}],"about":[{"href":"https:\/\/familyzoo.cl\/index.php\/wp-json\/wp\/v2\/types\/product"}],"wp:featuredmedia":[{"embeddable":true,"href":"https:\/\/familyzoo.cl\/index.php\/wp-json\/wp\/v2\/media\/1007"}],"wp:attachment":[{"href":"https:\/\/familyzoo.cl\/index.php\/wp-json\/wp\/v2\/media?parent=1006"}],"wp:term":[{"taxonomy":"product_brand","embeddable":true,"href":"https:\/\/familyzoo.cl\/index.php\/wp-json\/wp\/v2\/product_brand?post=1006"},{"taxonomy":"product_cat","embeddable":true,"href":"https:\/\/familyzoo.cl\/index.php\/wp-json\/wp\/v2\/product_cat?post=1006"},{"taxonomy":"product_tag","embeddable":true,"href":"https:\/\/familyzoo.cl\/index.php\/wp-json\/wp\/v2\/product_tag?post=1006"}],"curies":[{"name":"wp","href":"https:\/\/api.w.org\/{rel}","templated":true}]}}