{"id":1008,"date":"2025-10-20T16:32:51","date_gmt":"2025-10-20T16:32:51","guid":{"rendered":"https:\/\/familyzoo.cl\/?post_type=product&#038;p=1008"},"modified":"2026-01-08T12:29:47","modified_gmt":"2026-01-08T15:29:47","slug":"arena-vitalfun-lavanda","status":"publish","type":"product","link":"https:\/\/familyzoo.cl\/index.php\/producto\/arena-vitalfun-lavanda\/","title":{"rendered":"Arena Vitalfun Lavanda"},"content":{"rendered":"<p>Vitalfun Clumping Cat Litter es arena aglomerante que facilita la limpieza diaria de la bandeja sanitaria, brindando una experiencia c\u00f3moda para tu gato y tranquilidad para ti. Su eficacia aglomerante y alta calidad contribuyen al confort de tu hogar. La vida es simple y divertida con Vitalfun.<\/p>\n<p>100% NATURAL. Vitalfun Clumping Cat Litter Lavender es bentonita natural, extra\u00edda bajo los m\u00e1s altos est\u00e1ndares.<\/p>\n<p>EXTRA AGLOMERACI\u00d3N. Vitalfun Clumping Cat Litter Lavender es bentonita natural desarrollada mediante una molienda especial que potencia la aglomeraci\u00f3n al contacto con la orina y las heces del gato formando grumos s\u00f3lidos que son f\u00e1ciles de retirar.<\/p>\n<p>EXTRA BLOQUEO DE OLORES. Ofrece control de olores 24\/7, garantizado. Debido a su granulometr\u00eda \u00fanica, las peque\u00f1as piedras se expanden y se agrupan al entrar en contacto con la humedad, neutralizando eficazmente los olores desagradables.<\/p>\n<p>LIBRE DE POLVO.Limpia la caja de arena de tu gato sin nubes de polvo al verter o retirar.<\/p>\n","protected":false},"excerpt":{"rendered":"<p><strong>Arena sanitaria Vitalfun aglomerante lavanda\u00a0<\/strong><\/p>\n","protected":false},"featured_media":1010,"template":"","meta":[],"product_brand":[66],"product_cat":[61,65],"product_tag":[64,67],"class_list":{"0":"post-1008","1":"product","2":"type-product","3":"status-publish","4":"has-post-thumbnail","6":"product_brand-vitalfun","7":"product_cat-limpieza","8":"product_cat-vitalfun","9":"product_tag-arena-sanitaria","10":"product_tag-vitalfun","12":"first","13":"outofstock","14":"taxable","15":"shipping-taxable","16":"purchasable","17":"product-type-variable"},"jetpack_sharing_enabled":true,"_links":{"self":[{"href":"https:\/\/familyzoo.cl\/index.php\/wp-json\/wp\/v2\/product\/1008","targetHints":{"allow":["GET"]}}],"collection":[{"href":"https:\/\/familyzoo.cl\/index.php\/wp-json\/wp\/v2\/product"}],"about":[{"href":"https:\/\/familyzoo.cl\/index.php\/wp-json\/wp\/v2\/types\/product"}],"wp:featuredmedia":[{"embeddable":true,"href":"https:\/\/familyzoo.cl\/index.php\/wp-json\/wp\/v2\/media\/1010"}],"wp:attachment":[{"href":"https:\/\/familyzoo.cl\/index.php\/wp-json\/wp\/v2\/media?parent=1008"}],"wp:term":[{"taxonomy":"product_brand","embeddable":true,"href":"https:\/\/familyzoo.cl\/index.php\/wp-json\/wp\/v2\/product_brand?post=1008"},{"taxonomy":"product_cat","embeddable":true,"href":"https:\/\/familyzoo.cl\/index.php\/wp-json\/wp\/v2\/product_cat?post=1008"},{"taxonomy":"product_tag","embeddable":true,"href":"https:\/\/familyzoo.cl\/index.php\/wp-json\/wp\/v2\/product_tag?post=1008"}],"curies":[{"name":"wp","href":"https:\/\/api.w.org\/{rel}","templated":true}]}}