{"id":1018,"date":"2025-10-20T16:46:27","date_gmt":"2025-10-20T16:46:27","guid":{"rendered":"https:\/\/familyzoo.cl\/?post_type=product&#038;p=1018"},"modified":"2026-05-01T17:37:09","modified_gmt":"2026-05-01T21:37:09","slug":"fit-formula-micro-crystals","status":"publish","type":"product","link":"https:\/\/familyzoo.cl\/index.php\/producto\/fit-formula-micro-crystals\/","title":{"rendered":"FIT FORMULA MICRO CRYSTALS"},"content":{"rendered":"<p>Absorben la orina y atrapan instant\u00e1neamente los olores, para luego dejar evaporar la humedad. De este modo, los cristales est\u00e1n listos para absorber m\u00e1s orina y olores, aumentando el rendimiento de la caja sanitaria. Adem\u00e1s, FIT MICRO CRYSTALS seca las heces s\u00f3lidas y reduce los olores, lo que facilita la limpieza. No produce polvo y es amigable con el medio ambiente. Ultra absorbente<\/p>\n<p>1 Bolsa \u2013 1 Gato \u2013 2 Meses<\/p>\n<p>Control superior de olores<\/p>\n<p>Hipoalerg\u00e9nica<\/p>\n<p>No se adhiere a las patas y sin dejar rastros<\/p>\n<p>Suave con las patitas<\/p>\n<p>Sin polvo<\/p>\n","protected":false},"excerpt":{"rendered":"<p><strong>Arena sanitaria Fit Formula micro crystals 3.2kg<\/strong><\/p>\n","protected":false},"featured_media":1020,"template":"","meta":[],"product_brand":[53],"product_cat":[52,61],"product_tag":[64,54],"class_list":{"0":"post-1018","1":"product","2":"type-product","3":"status-publish","4":"has-post-thumbnail","6":"product_brand-fit-formula","7":"product_cat-fit-formula","8":"product_cat-limpieza","9":"product_tag-arena-sanitaria","10":"product_tag-fit-formula","12":"first","13":"outofstock","14":"taxable","15":"shipping-taxable","16":"purchasable","17":"product-type-simple"},"jetpack_sharing_enabled":true,"_links":{"self":[{"href":"https:\/\/familyzoo.cl\/index.php\/wp-json\/wp\/v2\/product\/1018","targetHints":{"allow":["GET"]}}],"collection":[{"href":"https:\/\/familyzoo.cl\/index.php\/wp-json\/wp\/v2\/product"}],"about":[{"href":"https:\/\/familyzoo.cl\/index.php\/wp-json\/wp\/v2\/types\/product"}],"wp:featuredmedia":[{"embeddable":true,"href":"https:\/\/familyzoo.cl\/index.php\/wp-json\/wp\/v2\/media\/1020"}],"wp:attachment":[{"href":"https:\/\/familyzoo.cl\/index.php\/wp-json\/wp\/v2\/media?parent=1018"}],"wp:term":[{"taxonomy":"product_brand","embeddable":true,"href":"https:\/\/familyzoo.cl\/index.php\/wp-json\/wp\/v2\/product_brand?post=1018"},{"taxonomy":"product_cat","embeddable":true,"href":"https:\/\/familyzoo.cl\/index.php\/wp-json\/wp\/v2\/product_cat?post=1018"},{"taxonomy":"product_tag","embeddable":true,"href":"https:\/\/familyzoo.cl\/index.php\/wp-json\/wp\/v2\/product_tag?post=1018"}],"curies":[{"name":"wp","href":"https:\/\/api.w.org\/{rel}","templated":true}]}}