{"id":1021,"date":"2025-10-20T16:50:29","date_gmt":"2025-10-20T16:50:29","guid":{"rendered":"https:\/\/familyzoo.cl\/?post_type=product&#038;p=1021"},"modified":"2026-04-20T13:27:47","modified_gmt":"2026-04-20T17:27:47","slug":"fit-formula-arena-aglomerante-lavanda","status":"publish","type":"product","link":"https:\/\/familyzoo.cl\/index.php\/producto\/fit-formula-arena-aglomerante-lavanda\/","title":{"rendered":"FIT FORMULA ARENA AGLOMERANTE LAVANDA"},"content":{"rendered":"<p>100% natural, a base de Bentonita S\u00f3dica, de granulaci\u00f3n fina, y 0% humedad, sin procesos ni agregados qu\u00edmicos que puedan da\u00f1ar la salud de las mascotas ni de las personas. Com\u00fanmente dentro de las raciones de alimentos de las mascotas se encuentran toxinas que suelen eliminarse con los excrementos.\u00a0Control superior de olores:\u00a0Absorbe los l\u00edquidos y olores al instante<\/p>\n<p>Aglomeraci\u00f3n instant\u00e1nea:\u00a0Permite una limpieza simple y r\u00e1pida. Los l\u00edquidos son absorbidos tan r\u00e1pidamente que no humedecer\u00e1n los lados o el fondo del recipiente. Las bolitas duras o compactas son f\u00e1ciles de retirar con el fin de dejar el resto de la arena intacta.<\/p>\n<p>Una arena que dura mucho tiempo:\u00a0La forma regular de los granos de arena hace que absorba mucho m\u00e1s r\u00e1pido y de manera eficaz. Utilizando menos cantidad de arena, lo que hace que sea m\u00e1s econ\u00f3mico.<\/p>\n<p>Aroma a lavanda:\u00a0Al tener contacto el l\u00edquido con la arena se libera un intenso y agradable aroma a lavanda.<\/p>\n","protected":false},"excerpt":{"rendered":"<p><strong>Arena sanitaria Fit Formula aglomerante lavanda 2kg<\/strong><\/p>\n","protected":false},"featured_media":1022,"template":"","meta":[],"product_brand":[53],"product_cat":[52,61],"product_tag":[64,54],"class_list":{"0":"post-1021","1":"product","2":"type-product","3":"status-publish","4":"has-post-thumbnail","6":"product_brand-fit-formula","7":"product_cat-fit-formula","8":"product_cat-limpieza","9":"product_tag-arena-sanitaria","10":"product_tag-fit-formula","12":"first","13":"outofstock","14":"taxable","15":"shipping-taxable","16":"purchasable","17":"product-type-simple"},"jetpack_sharing_enabled":true,"_links":{"self":[{"href":"https:\/\/familyzoo.cl\/index.php\/wp-json\/wp\/v2\/product\/1021","targetHints":{"allow":["GET"]}}],"collection":[{"href":"https:\/\/familyzoo.cl\/index.php\/wp-json\/wp\/v2\/product"}],"about":[{"href":"https:\/\/familyzoo.cl\/index.php\/wp-json\/wp\/v2\/types\/product"}],"wp:featuredmedia":[{"embeddable":true,"href":"https:\/\/familyzoo.cl\/index.php\/wp-json\/wp\/v2\/media\/1022"}],"wp:attachment":[{"href":"https:\/\/familyzoo.cl\/index.php\/wp-json\/wp\/v2\/media?parent=1021"}],"wp:term":[{"taxonomy":"product_brand","embeddable":true,"href":"https:\/\/familyzoo.cl\/index.php\/wp-json\/wp\/v2\/product_brand?post=1021"},{"taxonomy":"product_cat","embeddable":true,"href":"https:\/\/familyzoo.cl\/index.php\/wp-json\/wp\/v2\/product_cat?post=1021"},{"taxonomy":"product_tag","embeddable":true,"href":"https:\/\/familyzoo.cl\/index.php\/wp-json\/wp\/v2\/product_tag?post=1021"}],"curies":[{"name":"wp","href":"https:\/\/api.w.org\/{rel}","templated":true}]}}