{"id":1026,"date":"2025-10-20T19:29:31","date_gmt":"2025-10-20T19:29:31","guid":{"rendered":"https:\/\/familyzoo.cl\/?post_type=product&#038;p=1026"},"modified":"2025-10-28T21:55:59","modified_gmt":"2025-10-29T00:55:59","slug":"complete-gato-cachorro","status":"publish","type":"product","link":"https:\/\/familyzoo.cl\/index.php\/producto\/complete-gato-cachorro\/","title":{"rendered":"COMPLETE GATO CACHORRO"},"content":{"rendered":"<p>Complete\u00a0es ideal para gatos cachorros porque les proporciona:<\/p>\n<p>Ideal energy for an active life \/ Energ\u00eda ideal para la vida activa:\u00a0Formulado con prote\u00ednas de alto valor biol\u00f3gico y un \u00f3ptimo nivel de grasas permitiendo que el gato cachorro crezca sano y fuerte.<\/p>\n<p>Learning Boost \/ Ayuda en el aprendizaje:\u00a0Con omega 3, contribuye con un correcto y saludable funcionamiento de la memoria, capacidad cognitiva y aprendizaje.<\/p>\n<p>Pro Immune \/ Ayuda a fortalecer el sistema inmune:\u00a0Con un mix de vitaminas, minerales, nucle\u00f3tidos y amino\u00e1cidos esenciales que ayudan a fortalecer las defensas naturales del gato cachorro otorgando una mejor respuesta inmunol\u00f3gica, indispensable en esta importante etapa de vida.<\/p>\n","protected":false},"excerpt":{"rendered":"<p><strong>Alimento Complete gato kitten 1.5kg<\/strong><\/p>\n","protected":false},"featured_media":1027,"template":"","meta":[],"product_brand":[29],"product_cat":[21,26],"product_tag":[71,27,72],"class_list":{"0":"post-1026","1":"product","2":"type-product","3":"status-publish","4":"has-post-thumbnail","6":"product_brand-complete","7":"product_cat-alimento-perro","8":"product_cat-complete","9":"product_tag-alimento-gato","10":"product_tag-complete","11":"product_tag-gato-kitten","13":"first","14":"instock","15":"taxable","16":"shipping-taxable","17":"purchasable","18":"product-type-simple"},"jetpack_sharing_enabled":true,"_links":{"self":[{"href":"https:\/\/familyzoo.cl\/index.php\/wp-json\/wp\/v2\/product\/1026","targetHints":{"allow":["GET"]}}],"collection":[{"href":"https:\/\/familyzoo.cl\/index.php\/wp-json\/wp\/v2\/product"}],"about":[{"href":"https:\/\/familyzoo.cl\/index.php\/wp-json\/wp\/v2\/types\/product"}],"wp:featuredmedia":[{"embeddable":true,"href":"https:\/\/familyzoo.cl\/index.php\/wp-json\/wp\/v2\/media\/1027"}],"wp:attachment":[{"href":"https:\/\/familyzoo.cl\/index.php\/wp-json\/wp\/v2\/media?parent=1026"}],"wp:term":[{"taxonomy":"product_brand","embeddable":true,"href":"https:\/\/familyzoo.cl\/index.php\/wp-json\/wp\/v2\/product_brand?post=1026"},{"taxonomy":"product_cat","embeddable":true,"href":"https:\/\/familyzoo.cl\/index.php\/wp-json\/wp\/v2\/product_cat?post=1026"},{"taxonomy":"product_tag","embeddable":true,"href":"https:\/\/familyzoo.cl\/index.php\/wp-json\/wp\/v2\/product_tag?post=1026"}],"curies":[{"name":"wp","href":"https:\/\/api.w.org\/{rel}","templated":true}]}}