{"id":1034,"date":"2025-10-20T20:01:55","date_gmt":"2025-10-20T20:01:55","guid":{"rendered":"https:\/\/familyzoo.cl\/?post_type=product&#038;p=1034"},"modified":"2025-10-28T21:56:34","modified_gmt":"2025-10-29T00:56:34","slug":"premium-gato-cachorro","status":"publish","type":"product","link":"https:\/\/familyzoo.cl\/index.php\/producto\/premium-gato-cachorro\/","title":{"rendered":"PREMIUM GATO CACHORRO"},"content":{"rendered":"<p>Los gatos cachorros requieren durante esta etapa de desarrollo y crecimiento, el aporte de prote\u00ednas de alto valor biol\u00f3gico y buena digestibilidad, por eso\u00a0Premium Gato Cachorro\u00a0cuenta con prote\u00ednas de leche y huevo. Adem\u00e1s, est\u00e1 formulado con ingredientes que ayudan a regular la consistencia y el olor de la materia fecal.<\/p>\n<p>Vitalcan\u00a0Premium gato cachorro\u00a0proporciona:<\/p>\n<p>Heces firmes y de escaso olor.<\/p>\n<p>\u00d3ptimo desarrollo: contiene huevo y leche.<\/p>\n<p>Fortalecimiento de las defensas.<\/p>\n<p>Reduce la formaci\u00f3n de bolas de pelo.<\/p>\n","protected":false},"excerpt":{"rendered":"<p><strong>Alimento Premium gato adulto 2kg<\/strong><\/p>\n","protected":false},"featured_media":1035,"template":"","meta":[],"product_brand":[32],"product_cat":[73,31],"product_tag":[71,33],"class_list":{"0":"post-1034","1":"product","2":"type-product","3":"status-publish","4":"has-post-thumbnail","6":"product_brand-premium","7":"product_cat-alimento-gato","8":"product_cat-premium","9":"product_tag-alimento-gato","10":"product_tag-premium","12":"first","13":"instock","14":"taxable","15":"shipping-taxable","16":"purchasable","17":"product-type-simple"},"jetpack_sharing_enabled":true,"_links":{"self":[{"href":"https:\/\/familyzoo.cl\/index.php\/wp-json\/wp\/v2\/product\/1034","targetHints":{"allow":["GET"]}}],"collection":[{"href":"https:\/\/familyzoo.cl\/index.php\/wp-json\/wp\/v2\/product"}],"about":[{"href":"https:\/\/familyzoo.cl\/index.php\/wp-json\/wp\/v2\/types\/product"}],"wp:featuredmedia":[{"embeddable":true,"href":"https:\/\/familyzoo.cl\/index.php\/wp-json\/wp\/v2\/media\/1035"}],"wp:attachment":[{"href":"https:\/\/familyzoo.cl\/index.php\/wp-json\/wp\/v2\/media?parent=1034"}],"wp:term":[{"taxonomy":"product_brand","embeddable":true,"href":"https:\/\/familyzoo.cl\/index.php\/wp-json\/wp\/v2\/product_brand?post=1034"},{"taxonomy":"product_cat","embeddable":true,"href":"https:\/\/familyzoo.cl\/index.php\/wp-json\/wp\/v2\/product_cat?post=1034"},{"taxonomy":"product_tag","embeddable":true,"href":"https:\/\/familyzoo.cl\/index.php\/wp-json\/wp\/v2\/product_tag?post=1034"}],"curies":[{"name":"wp","href":"https:\/\/api.w.org\/{rel}","templated":true}]}}