{"id":1054,"date":"2025-10-20T21:02:14","date_gmt":"2025-10-20T21:02:14","guid":{"rendered":"https:\/\/familyzoo.cl\/?post_type=product&#038;p=1054"},"modified":"2026-04-20T13:25:55","modified_gmt":"2026-04-20T17:25:55","slug":"amity-kitten-salmon","status":"publish","type":"product","link":"https:\/\/familyzoo.cl\/index.php\/producto\/amity-kitten-salmon\/","title":{"rendered":"AMITY KITTEN SALMON"},"content":{"rendered":"<p>Amity Super Premium Low Grain Salmon Kitten es un alimento de origen espa\u00f1ol, guiado por las mas estrictas normas europeas, logrando un alimento completo y balanceado para las mascotas.<\/p>\n<p>Amity solo utiliza ingredientes naturales, sin colorantes, saborizantes o preservantes artificiales. Su primer componente es carne deshidratada, siendo una excelente fuente de prote\u00edna. Amity solo utiliza arroz integral como fuente de carbohidratos y fibra, el cual es un grano noble, de bajo \u00edndice gluc\u00e9mico y alergeno.<\/p>\n<p>Gracias a su pellet cuidadosamente elaborado, es apto para gatitos de todo tipo de razas y tama\u00f1os, de esta forma Amity es la opci\u00f3n ideal para todos los miembros peludos de la familia.<\/p>\n<p>\u2022 Carne de salm\u00f3n deshidratada como primer ingrediente.<br \/>\n\u2022 Alimento Low Grain, con arroz como \u00fanico grano.<br \/>\n\u2022 Sin colorantes, saborizantes ni transg\u00e9nicos.<br \/>\n\u2022 Sin preservantes artificiales.<br \/>\n\u2022 Buenas fuentes de Glucosamina y Condroitina.<\/p>\n","protected":false},"excerpt":{"rendered":"<p><strong>Alimento Amity gato kitten 2kg<\/strong><\/p>\n","protected":false},"featured_media":1055,"template":"","meta":[],"product_brand":[23],"product_cat":[73,22],"product_tag":[71,25,72],"class_list":{"0":"post-1054","1":"product","2":"type-product","3":"status-publish","4":"has-post-thumbnail","6":"product_brand-amity","7":"product_cat-alimento-gato","8":"product_cat-amity","9":"product_tag-alimento-gato","10":"product_tag-amity","11":"product_tag-gato-kitten","13":"first","14":"instock","15":"taxable","16":"shipping-taxable","17":"purchasable","18":"product-type-simple"},"jetpack_sharing_enabled":true,"_links":{"self":[{"href":"https:\/\/familyzoo.cl\/index.php\/wp-json\/wp\/v2\/product\/1054","targetHints":{"allow":["GET"]}}],"collection":[{"href":"https:\/\/familyzoo.cl\/index.php\/wp-json\/wp\/v2\/product"}],"about":[{"href":"https:\/\/familyzoo.cl\/index.php\/wp-json\/wp\/v2\/types\/product"}],"wp:featuredmedia":[{"embeddable":true,"href":"https:\/\/familyzoo.cl\/index.php\/wp-json\/wp\/v2\/media\/1055"}],"wp:attachment":[{"href":"https:\/\/familyzoo.cl\/index.php\/wp-json\/wp\/v2\/media?parent=1054"}],"wp:term":[{"taxonomy":"product_brand","embeddable":true,"href":"https:\/\/familyzoo.cl\/index.php\/wp-json\/wp\/v2\/product_brand?post=1054"},{"taxonomy":"product_cat","embeddable":true,"href":"https:\/\/familyzoo.cl\/index.php\/wp-json\/wp\/v2\/product_cat?post=1054"},{"taxonomy":"product_tag","embeddable":true,"href":"https:\/\/familyzoo.cl\/index.php\/wp-json\/wp\/v2\/product_tag?post=1054"}],"curies":[{"name":"wp","href":"https:\/\/api.w.org\/{rel}","templated":true}]}}