{"id":1061,"date":"2025-10-21T01:23:33","date_gmt":"2025-10-21T01:23:33","guid":{"rendered":"https:\/\/familyzoo.cl\/?post_type=product&#038;p=1061"},"modified":"2026-04-20T13:25:21","modified_gmt":"2026-04-20T17:25:21","slug":"bravery-gato-chicken","status":"publish","type":"product","link":"https:\/\/familyzoo.cl\/index.php\/producto\/bravery-gato-chicken\/","title":{"rendered":"BRAVERY GATO CHICKEN"},"content":{"rendered":"<p>\u2022 Elaborado con 100% carne de pollo deshidratada<br \/>\n\u2022 Hipoalerg\u00e9nico y monoproteico<br \/>\n\u2022 Libre de granos y gluten<br \/>\n\u2022 Adecuado para gatos con sensibilidades, alergias o intolerancias<br \/>\n\u2022 Ayuda a asegurar un crecimiento armonioso, un sistema inmunol\u00f3gico eficiente y una vitalidad plena.<br \/>\n\u2022 Proporciona una alimentaci\u00f3n completa y equilibrada para tu gato.<br \/>\n\u2022 Sin colorantes, sabores ni conservantes artificiales a\u00f1adidos<br \/>\n\u2022 Ideal para gatos de todos los tama\u00f1os a partir del a\u00f1o<\/p>\n<p>Composici\u00f3n<br \/>\nCarne de pollo deshidratada, tapioca, grasa de ave (fuente de \u00e1cidos grasos \u03a9 \u2013 6), prote\u00edna hidrolizada de pollo, guisantes, levadura y extracto de levadura \u2013 Saccharomyces cerevisiae (fuente de mananooligosac\u00e1ridos \u2013 MOS y \u03b2 \u2013 glucanos), h\u00edgado de pollo hidrolizado, aceite de pescado (fuente de \u00e1cidos grasos \u03a9 \u2013 3 \u2013 EPA y DHA), vaina de algarroba, huevo entero deshidratado, prote\u00edna de patata, boniato, pulpa de remolacha, Inulina (fibra soluble de achicoria, fuente fosfooligosac\u00e1ridos \u2013 FOS), celulosa natural (fuente de fibra insoluble), minerales, fibra diet\u00e9tica soluble extra\u00edda de Plantago ovata, aceites esenciales (or\u00e9gano, canela, clavo, tomillo, romero, hierbabuena, t\u00e9 verde), hidrolizado de crust\u00e1ceos (fuente de glucosamina), hidrolizado de cart\u00edlago (fuente de condroitina), yuca, concentrado de zumo de mel\u00f3n liofilizado (rico en super\u00f3xido dismutasa \u2013 SOD).<\/p>\n","protected":false},"excerpt":{"rendered":"<p><strong>Alimento Bravery gato adulto pollo\u00a0<\/strong><\/p>\n","protected":false},"featured_media":1062,"template":"","meta":[],"product_brand":[58],"product_cat":[73,57,20],"product_tag":[71,59],"class_list":{"0":"post-1061","1":"product","2":"type-product","3":"status-publish","4":"has-post-thumbnail","6":"product_brand-bravery","7":"product_cat-alimento-gato","8":"product_cat-bravery","9":"product_cat-sin-categorizar","10":"product_tag-alimento-gato","11":"product_tag-bravery","13":"first","14":"instock","15":"taxable","16":"shipping-taxable","17":"purchasable","18":"product-type-variable"},"jetpack_sharing_enabled":true,"_links":{"self":[{"href":"https:\/\/familyzoo.cl\/index.php\/wp-json\/wp\/v2\/product\/1061","targetHints":{"allow":["GET"]}}],"collection":[{"href":"https:\/\/familyzoo.cl\/index.php\/wp-json\/wp\/v2\/product"}],"about":[{"href":"https:\/\/familyzoo.cl\/index.php\/wp-json\/wp\/v2\/types\/product"}],"wp:featuredmedia":[{"embeddable":true,"href":"https:\/\/familyzoo.cl\/index.php\/wp-json\/wp\/v2\/media\/1062"}],"wp:attachment":[{"href":"https:\/\/familyzoo.cl\/index.php\/wp-json\/wp\/v2\/media?parent=1061"}],"wp:term":[{"taxonomy":"product_brand","embeddable":true,"href":"https:\/\/familyzoo.cl\/index.php\/wp-json\/wp\/v2\/product_brand?post=1061"},{"taxonomy":"product_cat","embeddable":true,"href":"https:\/\/familyzoo.cl\/index.php\/wp-json\/wp\/v2\/product_cat?post=1061"},{"taxonomy":"product_tag","embeddable":true,"href":"https:\/\/familyzoo.cl\/index.php\/wp-json\/wp\/v2\/product_tag?post=1061"}],"curies":[{"name":"wp","href":"https:\/\/api.w.org\/{rel}","templated":true}]}}