{"id":1067,"date":"2025-10-21T01:30:49","date_gmt":"2025-10-21T01:30:49","guid":{"rendered":"https:\/\/familyzoo.cl\/?post_type=product&#038;p=1067"},"modified":"2026-04-20T13:25:11","modified_gmt":"2026-04-20T17:25:11","slug":"bravery-kitten-salmon","status":"publish","type":"product","link":"https:\/\/familyzoo.cl\/index.php\/producto\/bravery-kitten-salmon\/","title":{"rendered":"BRAVERY KITTEN SALM\u00d3N"},"content":{"rendered":"<p>\u2022 Elaborado con 100% salm\u00f3n deshidratado<br \/>\n\u2022 Hipoalerg\u00e9nico y monoproteico<br \/>\n\u2022 Libre de granos y gluten<br \/>\n\u2022 Adecuado para gatos con sensibilidades, alergias o intolerancias<br \/>\n\u2022 Ayuda a asegurar un crecimiento armonioso, un sistema inmunol\u00f3gico eficiente y una vitalidad plena.<br \/>\n\u2022 Proporciona una alimentaci\u00f3n completa y equilibrada para tu gato.<br \/>\n\u2022 Sin colorantes, sabores ni conservantes artificiales a\u00f1adidos<br \/>\n\u2022 Ideal para los gatitos desde el destete hasta los 12 meses<\/p>\n<p>Composici\u00f3n<br \/>\nSalm\u00f3n deshidratado, tapioca, grasa de ave (Fuente de ac. grasos -6), guisantes, prote\u00edna hidrolizada de salm\u00f3n, prote\u00edna de patata, levadura y extracto de levadura-Saccharomyces cerevisiae (Fuente de mananooligosac\u00e1ridos \u2013 MOS y -glucanos), boniato, aceite de salm\u00f3n (Fuente de ac. grasos -3-EPA y DHA), vaina de algarroba, pulpa de remolacha, minerales, inulina (fibra soluble de achicoria, fuente fosfooligosac\u00e1ridos \u2013 FOS), celulosa natural (Fuente de fibra insoluble), fibra diet\u00e9tica soluble extra\u00edda de Plantago ovata, aceites esenciales (or\u00e9gano, canela, clavo, tomillo, romero, hierba buena, t\u00e9 verde), yucca, hidrolizado de crust\u00e1ceos (Fuente de Glucosamina), hidrolizado de cart\u00edlago (Fuente de Condroitina), concentrado de zumo de mel\u00f3n liofilizado (Rico en superoxido dismutasa \u2013 SOD).<\/p>\n","protected":false},"excerpt":{"rendered":"<p><strong>Alimento Bravery gato kitten salm\u00f3n 2kg<\/strong><\/p>\n","protected":false},"featured_media":1068,"template":"","meta":[],"product_brand":[58],"product_cat":[73,57],"product_tag":[71,59,72],"class_list":{"0":"post-1067","1":"product","2":"type-product","3":"status-publish","4":"has-post-thumbnail","6":"product_brand-bravery","7":"product_cat-alimento-gato","8":"product_cat-bravery","9":"product_tag-alimento-gato","10":"product_tag-bravery","11":"product_tag-gato-kitten","13":"first","14":"instock","15":"taxable","16":"shipping-taxable","17":"purchasable","18":"product-type-simple"},"jetpack_sharing_enabled":true,"_links":{"self":[{"href":"https:\/\/familyzoo.cl\/index.php\/wp-json\/wp\/v2\/product\/1067","targetHints":{"allow":["GET"]}}],"collection":[{"href":"https:\/\/familyzoo.cl\/index.php\/wp-json\/wp\/v2\/product"}],"about":[{"href":"https:\/\/familyzoo.cl\/index.php\/wp-json\/wp\/v2\/types\/product"}],"wp:featuredmedia":[{"embeddable":true,"href":"https:\/\/familyzoo.cl\/index.php\/wp-json\/wp\/v2\/media\/1068"}],"wp:attachment":[{"href":"https:\/\/familyzoo.cl\/index.php\/wp-json\/wp\/v2\/media?parent=1067"}],"wp:term":[{"taxonomy":"product_brand","embeddable":true,"href":"https:\/\/familyzoo.cl\/index.php\/wp-json\/wp\/v2\/product_brand?post=1067"},{"taxonomy":"product_cat","embeddable":true,"href":"https:\/\/familyzoo.cl\/index.php\/wp-json\/wp\/v2\/product_cat?post=1067"},{"taxonomy":"product_tag","embeddable":true,"href":"https:\/\/familyzoo.cl\/index.php\/wp-json\/wp\/v2\/product_tag?post=1067"}],"curies":[{"name":"wp","href":"https:\/\/api.w.org\/{rel}","templated":true}]}}