{"id":1069,"date":"2025-10-21T01:33:36","date_gmt":"2025-10-21T01:33:36","guid":{"rendered":"https:\/\/familyzoo.cl\/?post_type=product&#038;p=1069"},"modified":"2026-04-20T13:24:53","modified_gmt":"2026-04-20T17:24:53","slug":"royal-canin-indoor","status":"publish","type":"product","link":"https:\/\/familyzoo.cl\/index.php\/producto\/royal-canin-indoor\/","title":{"rendered":"ROYAL CANIN INDOOR"},"content":{"rendered":"<p>Los gatos adultos que viven dentro de casa, como el tuyo, tienden a hacer menos ejercicio que los gatos con acceso al exterior. Por eso, un alimento equilibrado y completo con un contenido nutricional adaptado es importante para que gocen de una salud \u00f3ptima. Esta falta de ejercicio puede tener como resultado un tr\u00e1nsito intestinal m\u00e1s lento y heces malolientes. INDOOR 27 de ROYAL CANIN contiene prote\u00ednas altamente digestibles (L.I.P.) que ayudan a reducir tanto la cantidad como el olor de las heces. Este alimento aporta un bajo contenido en grasas, para garantizar que el aporte cal\u00f3rico est\u00e9 adaptado a su nivel de actividad y as\u00ed contribuir al mantenimiento de un peso saludable. Los gatos de interior dedican gran parte de su tiempo al acicalado. Gracias a su contenido de fibras alimentarias, como el psyllium, este alimento tambi\u00e9n estimula la eliminaci\u00f3n del pelo ingerido disminuyendo la formaci\u00f3n de bolas de pelo.<\/p>\n","protected":false},"excerpt":{"rendered":"<p><strong>Alimento Royal Canin gato adulto 1.5kg<\/strong><\/p>\n","protected":false},"featured_media":1070,"template":"","meta":[],"product_brand":[49],"product_cat":[73,48],"product_tag":[71,50],"class_list":{"0":"post-1069","1":"product","2":"type-product","3":"status-publish","4":"has-post-thumbnail","6":"product_brand-royal-canin","7":"product_cat-alimento-gato","8":"product_cat-royal-canin","9":"product_tag-alimento-gato","10":"product_tag-royal-canin","12":"first","13":"instock","14":"taxable","15":"shipping-taxable","16":"purchasable","17":"product-type-simple"},"jetpack_sharing_enabled":true,"_links":{"self":[{"href":"https:\/\/familyzoo.cl\/index.php\/wp-json\/wp\/v2\/product\/1069","targetHints":{"allow":["GET"]}}],"collection":[{"href":"https:\/\/familyzoo.cl\/index.php\/wp-json\/wp\/v2\/product"}],"about":[{"href":"https:\/\/familyzoo.cl\/index.php\/wp-json\/wp\/v2\/types\/product"}],"wp:featuredmedia":[{"embeddable":true,"href":"https:\/\/familyzoo.cl\/index.php\/wp-json\/wp\/v2\/media\/1070"}],"wp:attachment":[{"href":"https:\/\/familyzoo.cl\/index.php\/wp-json\/wp\/v2\/media?parent=1069"}],"wp:term":[{"taxonomy":"product_brand","embeddable":true,"href":"https:\/\/familyzoo.cl\/index.php\/wp-json\/wp\/v2\/product_brand?post=1069"},{"taxonomy":"product_cat","embeddable":true,"href":"https:\/\/familyzoo.cl\/index.php\/wp-json\/wp\/v2\/product_cat?post=1069"},{"taxonomy":"product_tag","embeddable":true,"href":"https:\/\/familyzoo.cl\/index.php\/wp-json\/wp\/v2\/product_tag?post=1069"}],"curies":[{"name":"wp","href":"https:\/\/api.w.org\/{rel}","templated":true}]}}