{"id":1073,"date":"2025-10-21T02:05:52","date_gmt":"2025-10-21T02:05:52","guid":{"rendered":"https:\/\/familyzoo.cl\/?post_type=product&#038;p=1073"},"modified":"2026-04-20T13:24:36","modified_gmt":"2026-04-20T17:24:36","slug":"royal-canin-kitten","status":"publish","type":"product","link":"https:\/\/familyzoo.cl\/index.php\/producto\/royal-canin-kitten\/","title":{"rendered":"ROYAL CANIN KITTEN"},"content":{"rendered":"<p>Tolerancia digestiva aumentada, con prote\u00ednas de alta digestibilidad (L.I.P.) y fibras espec\u00edficas (incluyendo al Psyllium y prebi\u00f3ticos) que promueven el balance en la flora intestinal y contribuyen a un correcto tr\u00e1nsito<\/p>\n<p>El crecimiento es una etapa fundamental en la vida del cachorro para sentar las bases de su futuro. Esta f\u00f3rmula contiene antioxidantes que neutralizan los radicales libres y ayudan a limitar las oxidaciones celulares.<\/p>\n<p>Contenido adaptado de prote\u00ednas, vitaminas y minerales, incluyendo vitamina D y calcio. Alto contenido energ\u00e9tico para dar soporte al desarrollo de huesos y m\u00fasculos del cachorro. Kitten cubre las necesidades energ\u00e9ticas de este intenso per\u00edodo de crecimiento.<\/p>\n","protected":false},"excerpt":{"rendered":"<p><strong>Alimento Royal Canin gato kitten\u00a0<\/strong><\/p>\n","protected":false},"featured_media":1074,"template":"","meta":[],"product_brand":[49],"product_cat":[73,48],"product_tag":[71,72,50],"class_list":{"0":"post-1073","1":"product","2":"type-product","3":"status-publish","4":"has-post-thumbnail","6":"product_brand-royal-canin","7":"product_cat-alimento-gato","8":"product_cat-royal-canin","9":"product_tag-alimento-gato","10":"product_tag-gato-kitten","11":"product_tag-royal-canin","13":"first","14":"instock","15":"taxable","16":"shipping-taxable","17":"purchasable","18":"product-type-variable"},"jetpack_sharing_enabled":true,"_links":{"self":[{"href":"https:\/\/familyzoo.cl\/index.php\/wp-json\/wp\/v2\/product\/1073","targetHints":{"allow":["GET"]}}],"collection":[{"href":"https:\/\/familyzoo.cl\/index.php\/wp-json\/wp\/v2\/product"}],"about":[{"href":"https:\/\/familyzoo.cl\/index.php\/wp-json\/wp\/v2\/types\/product"}],"wp:featuredmedia":[{"embeddable":true,"href":"https:\/\/familyzoo.cl\/index.php\/wp-json\/wp\/v2\/media\/1074"}],"wp:attachment":[{"href":"https:\/\/familyzoo.cl\/index.php\/wp-json\/wp\/v2\/media?parent=1073"}],"wp:term":[{"taxonomy":"product_brand","embeddable":true,"href":"https:\/\/familyzoo.cl\/index.php\/wp-json\/wp\/v2\/product_brand?post=1073"},{"taxonomy":"product_cat","embeddable":true,"href":"https:\/\/familyzoo.cl\/index.php\/wp-json\/wp\/v2\/product_cat?post=1073"},{"taxonomy":"product_tag","embeddable":true,"href":"https:\/\/familyzoo.cl\/index.php\/wp-json\/wp\/v2\/product_tag?post=1073"}],"curies":[{"name":"wp","href":"https:\/\/api.w.org\/{rel}","templated":true}]}}