{"id":1079,"date":"2025-10-21T02:18:05","date_gmt":"2025-10-21T02:18:05","guid":{"rendered":"https:\/\/familyzoo.cl\/?post_type=product&#038;p=1079"},"modified":"2026-04-20T13:24:08","modified_gmt":"2026-04-20T17:24:08","slug":"royal-canin-indoor-7","status":"publish","type":"product","link":"https:\/\/familyzoo.cl\/index.php\/producto\/royal-canin-indoor-7\/","title":{"rendered":"ROYAL CANIN INDOOR +7"},"content":{"rendered":"<p>Para ayudar a los gatos frente a los primeros signos del envejecimiento y mantener la vitalidad despu\u00e9s de los 7 a\u00f1os. Indoor 7+ est\u00e1 formulado con un adecuado balance de vitaminas y minerales. Su f\u00f3rmula est\u00e1 enriquecida con nutrientes que contribuyen al envejecimiento saludable.<\/p>\n<p>La falta de ejercicio puede conducir a un tr\u00e1nsito intestinal m\u00e1s lento, dando lugar a heces de mala calidad y olorosas. Indoor 7+ contiene prote\u00ednas de alta digestibilidad (L.I.P.*) que contribuyen a reducir la cantidad y olor de las heces. *L.I.P.: Prote\u00edna seleccionada por su alta digestibilidad.<\/p>\n<p>Una disminuci\u00f3n de la funci\u00f3n renal es com\u00fan en los gatos despu\u00e9s de los 7 a\u00f1os de edad. Indoor 7+ contiene un aporte adaptado de f\u00f3sforo para contribuir al mantenimiento de la funci\u00f3n renal.<\/p>\n","protected":false},"excerpt":{"rendered":"<p><strong>Alimento Royal Canin gato adulto 7+ 1.5kg<\/strong><\/p>\n","protected":false},"featured_media":1080,"template":"","meta":[],"product_brand":[49],"product_cat":[73,48],"product_tag":[71,50],"class_list":{"0":"post-1079","1":"product","2":"type-product","3":"status-publish","4":"has-post-thumbnail","6":"product_brand-royal-canin","7":"product_cat-alimento-gato","8":"product_cat-royal-canin","9":"product_tag-alimento-gato","10":"product_tag-royal-canin","12":"first","13":"instock","14":"taxable","15":"shipping-taxable","16":"purchasable","17":"product-type-simple"},"jetpack_sharing_enabled":true,"_links":{"self":[{"href":"https:\/\/familyzoo.cl\/index.php\/wp-json\/wp\/v2\/product\/1079","targetHints":{"allow":["GET"]}}],"collection":[{"href":"https:\/\/familyzoo.cl\/index.php\/wp-json\/wp\/v2\/product"}],"about":[{"href":"https:\/\/familyzoo.cl\/index.php\/wp-json\/wp\/v2\/types\/product"}],"wp:featuredmedia":[{"embeddable":true,"href":"https:\/\/familyzoo.cl\/index.php\/wp-json\/wp\/v2\/media\/1080"}],"wp:attachment":[{"href":"https:\/\/familyzoo.cl\/index.php\/wp-json\/wp\/v2\/media?parent=1079"}],"wp:term":[{"taxonomy":"product_brand","embeddable":true,"href":"https:\/\/familyzoo.cl\/index.php\/wp-json\/wp\/v2\/product_brand?post=1079"},{"taxonomy":"product_cat","embeddable":true,"href":"https:\/\/familyzoo.cl\/index.php\/wp-json\/wp\/v2\/product_cat?post=1079"},{"taxonomy":"product_tag","embeddable":true,"href":"https:\/\/familyzoo.cl\/index.php\/wp-json\/wp\/v2\/product_tag?post=1079"}],"curies":[{"name":"wp","href":"https:\/\/api.w.org\/{rel}","templated":true}]}}