{"id":1119,"date":"2025-10-22T00:27:51","date_gmt":"2025-10-22T03:27:51","guid":{"rendered":"https:\/\/familyzoo.cl\/?post_type=product&#038;p=1119"},"modified":"2025-10-28T21:56:52","modified_gmt":"2025-10-29T00:56:52","slug":"royal-canin-anallergenic","status":"publish","type":"product","link":"https:\/\/familyzoo.cl\/index.php\/producto\/royal-canin-anallergenic\/","title":{"rendered":"ROYAL CANIN ANALLERGENIC"},"content":{"rendered":"<p>ROYAL CANIN\u00ae Anallergenic est\u00e1 formulado espec\u00edficamente para ayudar a gatos adultos con intolerancias y alergias alimentarias.Esta dieta se formula con una prote\u00edna en forma de p\u00e9ptidos muy peque\u00f1os y amino\u00e1cidos puros para minimizar el reconocimiento inmunitario y, por tanto, minimizar el riesgo de reacci\u00f3n adversa al alimento. Esta f\u00f3rmula se elabora espec\u00edficamente para minimizar la contaminaci\u00f3n y excluir las fuentes de al\u00e9rgenos alimentarios. Gracias a su combinaci\u00f3n de nutrientes de apoyo, esta f\u00f3rmula favorece la barrera protectora natural de la piel de tu gato. Esta f\u00f3rmula est\u00e1 enriquecida con una mezcla sin\u00e9rgica de antioxidantes para ayudar a neutralizar los efectos de los radicales libres. Esta dieta tambi\u00e9n contribuye a un entorno urinario desfavorable para el desarrollo de c\u00e1lculos de estruvita y oxalato de calcio.<\/p>\n","protected":false},"excerpt":{"rendered":"<p><strong>Alimento Royal Canin gato adulto anallergenic 2kg<\/strong><\/p>\n","protected":false},"featured_media":1120,"template":"","meta":[],"product_brand":[49],"product_cat":[73,48],"product_tag":[71,50],"class_list":{"0":"post-1119","1":"product","2":"type-product","3":"status-publish","4":"has-post-thumbnail","6":"product_brand-royal-canin","7":"product_cat-alimento-gato","8":"product_cat-royal-canin","9":"product_tag-alimento-gato","10":"product_tag-royal-canin","12":"first","13":"instock","14":"taxable","15":"shipping-taxable","16":"purchasable","17":"product-type-simple"},"jetpack_sharing_enabled":true,"_links":{"self":[{"href":"https:\/\/familyzoo.cl\/index.php\/wp-json\/wp\/v2\/product\/1119","targetHints":{"allow":["GET"]}}],"collection":[{"href":"https:\/\/familyzoo.cl\/index.php\/wp-json\/wp\/v2\/product"}],"about":[{"href":"https:\/\/familyzoo.cl\/index.php\/wp-json\/wp\/v2\/types\/product"}],"wp:featuredmedia":[{"embeddable":true,"href":"https:\/\/familyzoo.cl\/index.php\/wp-json\/wp\/v2\/media\/1120"}],"wp:attachment":[{"href":"https:\/\/familyzoo.cl\/index.php\/wp-json\/wp\/v2\/media?parent=1119"}],"wp:term":[{"taxonomy":"product_brand","embeddable":true,"href":"https:\/\/familyzoo.cl\/index.php\/wp-json\/wp\/v2\/product_brand?post=1119"},{"taxonomy":"product_cat","embeddable":true,"href":"https:\/\/familyzoo.cl\/index.php\/wp-json\/wp\/v2\/product_cat?post=1119"},{"taxonomy":"product_tag","embeddable":true,"href":"https:\/\/familyzoo.cl\/index.php\/wp-json\/wp\/v2\/product_tag?post=1119"}],"curies":[{"name":"wp","href":"https:\/\/api.w.org\/{rel}","templated":true}]}}