{"id":1247,"date":"2025-10-23T23:07:18","date_gmt":"2025-10-24T02:07:18","guid":{"rendered":"https:\/\/familyzoo.cl\/?post_type=product&#038;p=1247"},"modified":"2026-04-20T13:22:50","modified_gmt":"2026-04-20T17:22:50","slug":"pro-plan-gato-adulto-con-optiprebio","status":"publish","type":"product","link":"https:\/\/familyzoo.cl\/index.php\/producto\/pro-plan-gato-adulto-con-optiprebio\/","title":{"rendered":"Pro Plan gato adulto con optiprebio"},"content":{"rendered":"<p>Alimento completo y balanceado para gatos adultos de todas las razas.<\/p>\n<p>Es una tecnolog\u00eda exclusiva, con una combinaci\u00f3n de prebi\u00f3ticos y antioxidantes naturales, que ayudan a optimizar la digesti\u00f3n y a mantener fuertes las defensas naturales de tu gato, protegiendo su sistema inmunol\u00f3gico contra las amenazas externas.<\/p>\n","protected":false},"excerpt":{"rendered":"<p><strong>Alimento Pro Plan gato adulto 7.5kg<\/strong><\/p>\n","protected":false},"featured_media":1248,"template":"","meta":[],"product_brand":[80],"product_cat":[21,79],"product_tag":[71,81],"class_list":{"0":"post-1247","1":"product","2":"type-product","3":"status-publish","4":"has-post-thumbnail","6":"product_brand-pro-plan","7":"product_cat-alimento-perro","8":"product_cat-proplan","9":"product_tag-alimento-gato","10":"product_tag-proplan","12":"first","13":"instock","14":"taxable","15":"shipping-taxable","16":"purchasable","17":"product-type-simple"},"jetpack_sharing_enabled":true,"_links":{"self":[{"href":"https:\/\/familyzoo.cl\/index.php\/wp-json\/wp\/v2\/product\/1247","targetHints":{"allow":["GET"]}}],"collection":[{"href":"https:\/\/familyzoo.cl\/index.php\/wp-json\/wp\/v2\/product"}],"about":[{"href":"https:\/\/familyzoo.cl\/index.php\/wp-json\/wp\/v2\/types\/product"}],"wp:featuredmedia":[{"embeddable":true,"href":"https:\/\/familyzoo.cl\/index.php\/wp-json\/wp\/v2\/media\/1248"}],"wp:attachment":[{"href":"https:\/\/familyzoo.cl\/index.php\/wp-json\/wp\/v2\/media?parent=1247"}],"wp:term":[{"taxonomy":"product_brand","embeddable":true,"href":"https:\/\/familyzoo.cl\/index.php\/wp-json\/wp\/v2\/product_brand?post=1247"},{"taxonomy":"product_cat","embeddable":true,"href":"https:\/\/familyzoo.cl\/index.php\/wp-json\/wp\/v2\/product_cat?post=1247"},{"taxonomy":"product_tag","embeddable":true,"href":"https:\/\/familyzoo.cl\/index.php\/wp-json\/wp\/v2\/product_tag?post=1247"}],"curies":[{"name":"wp","href":"https:\/\/api.w.org\/{rel}","templated":true}]}}