{"id":1265,"date":"2025-10-24T00:03:23","date_gmt":"2025-10-24T03:03:23","guid":{"rendered":"https:\/\/familyzoo.cl\/?post_type=product&#038;p=1265"},"modified":"2026-04-20T13:22:40","modified_gmt":"2026-04-20T17:22:40","slug":"excellent-kitten","status":"publish","type":"product","link":"https:\/\/familyzoo.cl\/index.php\/producto\/excellent-kitten\/","title":{"rendered":"EXCELLENT KITTEN"},"content":{"rendered":"<p>Alimento balanceado completo para gatos en crecimiento, hembras gestantes y lactantes de todas las razas. PURINA\u00ae EXCELLENT presenta una l\u00ednea de f\u00f3rmulas super premium basadas en el sistema SMART NUTRITION BY PURINA, un completo sistema de nutrici\u00f3n balanceada, desarrollado por el equipo de nutricionistas de PURINA y aprobado por sus veterinarios para que tu gatito disfrute de una vida larga y saludable. El sistema SMART NUTRITION BY PURINA\u00ae aporta m\u00faltiples beneficios, cient\u00edficamente comprobados, que provienen de componentes de alta calidad y mantienen a tu gatito con un excelente estado de salud. Cada formula es \u00fanica y proporciona los nutrientes fundamentales para cumplir con todas las necesidades en las diferentes etapas de su vida.<\/p>\n","protected":false},"excerpt":{"rendered":"<p><strong>Alimento Excellent kitten 1kg<\/strong><\/p>\n","protected":false},"featured_media":1266,"template":"","meta":[],"product_brand":[83],"product_cat":[21,82],"product_tag":[71,84,72],"class_list":{"0":"post-1265","1":"product","2":"type-product","3":"status-publish","4":"has-post-thumbnail","6":"product_brand-excellent","7":"product_cat-alimento-perro","8":"product_cat-excellent","9":"product_tag-alimento-gato","10":"product_tag-excellent","11":"product_tag-gato-kitten","13":"first","14":"instock","15":"taxable","16":"shipping-taxable","17":"purchasable","18":"product-type-simple"},"jetpack_sharing_enabled":true,"_links":{"self":[{"href":"https:\/\/familyzoo.cl\/index.php\/wp-json\/wp\/v2\/product\/1265","targetHints":{"allow":["GET"]}}],"collection":[{"href":"https:\/\/familyzoo.cl\/index.php\/wp-json\/wp\/v2\/product"}],"about":[{"href":"https:\/\/familyzoo.cl\/index.php\/wp-json\/wp\/v2\/types\/product"}],"wp:featuredmedia":[{"embeddable":true,"href":"https:\/\/familyzoo.cl\/index.php\/wp-json\/wp\/v2\/media\/1266"}],"wp:attachment":[{"href":"https:\/\/familyzoo.cl\/index.php\/wp-json\/wp\/v2\/media?parent=1265"}],"wp:term":[{"taxonomy":"product_brand","embeddable":true,"href":"https:\/\/familyzoo.cl\/index.php\/wp-json\/wp\/v2\/product_brand?post=1265"},{"taxonomy":"product_cat","embeddable":true,"href":"https:\/\/familyzoo.cl\/index.php\/wp-json\/wp\/v2\/product_cat?post=1265"},{"taxonomy":"product_tag","embeddable":true,"href":"https:\/\/familyzoo.cl\/index.php\/wp-json\/wp\/v2\/product_tag?post=1265"}],"curies":[{"name":"wp","href":"https:\/\/api.w.org\/{rel}","templated":true}]}}