{"id":1278,"date":"2025-10-24T00:20:37","date_gmt":"2025-10-24T03:20:37","guid":{"rendered":"https:\/\/familyzoo.cl\/?post_type=product&#038;p=1278"},"modified":"2026-04-20T13:22:33","modified_gmt":"2026-04-20T17:22:33","slug":"dog-chow-extralife-adulto-media-granade","status":"publish","type":"product","link":"https:\/\/familyzoo.cl\/index.php\/producto\/dog-chow-extralife-adulto-media-granade\/","title":{"rendered":"DOG CHOW EXTRALIFE ADULTO MEDIA GRANADE"},"content":{"rendered":"<p>Alimento seco para perros adultos medianos y grandes DOG CHOW\u00ae con Carne y Pollo, sin colorantes. En cada croqueta encontrar\u00e1s un alimento 100% balanceado, con probi\u00f3ticos naturales que equilibran su flora intestinal, omegas 6 y 3 y niveles de sodio adecuados. Ayuda a cuidar la salud oral, a mantener un coraz\u00f3n sano y tener m\u00fasculos y huesos fuertes. Con Extralife, una mezcla especial de antioxidantes, vitaminas y minerales que ayuda a maximizar la calidad de vida de tu perro d\u00eda tras d\u00eda, entregando hasta 1,8 a\u00f1os m\u00e1s de vida saludable juntos.<\/p>\n","protected":false},"excerpt":{"rendered":"<p><strong>AlimentoDog Chow extralife adulto media grande 3kg<\/strong><\/p>\n","protected":false},"featured_media":1279,"template":"","meta":[],"product_brand":[86],"product_cat":[21,85],"product_tag":[24,87,34],"class_list":{"0":"post-1278","1":"product","2":"type-product","3":"status-publish","4":"has-post-thumbnail","6":"product_brand-dog-chow","7":"product_cat-alimento-perro","8":"product_cat-dog-chow","9":"product_tag-alimento-perro","10":"product_tag-dog-chow","11":"product_tag-perro-adulto","13":"first","14":"instock","15":"taxable","16":"shipping-taxable","17":"purchasable","18":"product-type-simple"},"jetpack_sharing_enabled":true,"_links":{"self":[{"href":"https:\/\/familyzoo.cl\/index.php\/wp-json\/wp\/v2\/product\/1278","targetHints":{"allow":["GET"]}}],"collection":[{"href":"https:\/\/familyzoo.cl\/index.php\/wp-json\/wp\/v2\/product"}],"about":[{"href":"https:\/\/familyzoo.cl\/index.php\/wp-json\/wp\/v2\/types\/product"}],"wp:featuredmedia":[{"embeddable":true,"href":"https:\/\/familyzoo.cl\/index.php\/wp-json\/wp\/v2\/media\/1279"}],"wp:attachment":[{"href":"https:\/\/familyzoo.cl\/index.php\/wp-json\/wp\/v2\/media?parent=1278"}],"wp:term":[{"taxonomy":"product_brand","embeddable":true,"href":"https:\/\/familyzoo.cl\/index.php\/wp-json\/wp\/v2\/product_brand?post=1278"},{"taxonomy":"product_cat","embeddable":true,"href":"https:\/\/familyzoo.cl\/index.php\/wp-json\/wp\/v2\/product_cat?post=1278"},{"taxonomy":"product_tag","embeddable":true,"href":"https:\/\/familyzoo.cl\/index.php\/wp-json\/wp\/v2\/product_tag?post=1278"}],"curies":[{"name":"wp","href":"https:\/\/api.w.org\/{rel}","templated":true}]}}