{"id":1296,"date":"2025-10-24T00:43:22","date_gmt":"2025-10-24T03:43:22","guid":{"rendered":"https:\/\/familyzoo.cl\/?post_type=product&#038;p=1296"},"modified":"2026-04-20T13:21:55","modified_gmt":"2026-04-20T17:21:55","slug":"gati-gato-adulto-pescado-salmon","status":"publish","type":"product","link":"https:\/\/familyzoo.cl\/index.php\/producto\/gati-gato-adulto-pescado-salmon\/","title":{"rendered":"GATI GATO ADULTO PESCADO SALM\u00d3N"},"content":{"rendered":"<p>Alimento seco para gatos adultos GATI\u00ae sabor Pescado y Salm\u00f3n a la primavera. Inspirado en recetas caseras con doble prote\u00edna para una mayor palatabilidad. Este alimento 100% completo y balanceado contribuye con m\u00fasculos fuertes y sanos, digesti\u00f3n sana, sistema inmune sano, vitaminas y minerales esenciales y piel y pelaje saludables. Sin colorantes artificiales.<\/p>\n","protected":false},"excerpt":{"rendered":"<p>Alimento Gati gato adulto 3kg<\/p>\n","protected":false},"featured_media":1297,"template":"","meta":[],"product_brand":[92],"product_cat":[73,91],"product_tag":[71,93],"class_list":{"0":"post-1296","1":"product","2":"type-product","3":"status-publish","4":"has-post-thumbnail","6":"product_brand-gati","7":"product_cat-alimento-gato","8":"product_cat-gati","9":"product_tag-alimento-gato","10":"product_tag-gati","12":"first","13":"instock","14":"taxable","15":"shipping-taxable","16":"purchasable","17":"product-type-simple"},"jetpack_sharing_enabled":true,"_links":{"self":[{"href":"https:\/\/familyzoo.cl\/index.php\/wp-json\/wp\/v2\/product\/1296","targetHints":{"allow":["GET"]}}],"collection":[{"href":"https:\/\/familyzoo.cl\/index.php\/wp-json\/wp\/v2\/product"}],"about":[{"href":"https:\/\/familyzoo.cl\/index.php\/wp-json\/wp\/v2\/types\/product"}],"wp:featuredmedia":[{"embeddable":true,"href":"https:\/\/familyzoo.cl\/index.php\/wp-json\/wp\/v2\/media\/1297"}],"wp:attachment":[{"href":"https:\/\/familyzoo.cl\/index.php\/wp-json\/wp\/v2\/media?parent=1296"}],"wp:term":[{"taxonomy":"product_brand","embeddable":true,"href":"https:\/\/familyzoo.cl\/index.php\/wp-json\/wp\/v2\/product_brand?post=1296"},{"taxonomy":"product_cat","embeddable":true,"href":"https:\/\/familyzoo.cl\/index.php\/wp-json\/wp\/v2\/product_cat?post=1296"},{"taxonomy":"product_tag","embeddable":true,"href":"https:\/\/familyzoo.cl\/index.php\/wp-json\/wp\/v2\/product_tag?post=1296"}],"curies":[{"name":"wp","href":"https:\/\/api.w.org\/{rel}","templated":true}]}}