{"id":1305,"date":"2025-10-24T01:01:00","date_gmt":"2025-10-24T04:01:00","guid":{"rendered":"https:\/\/familyzoo.cl\/?post_type=product&#038;p=1305"},"modified":"2026-04-20T13:21:44","modified_gmt":"2026-04-20T17:21:44","slug":"one-cachorro-carne","status":"publish","type":"product","link":"https:\/\/familyzoo.cl\/index.php\/producto\/one-cachorro-carne\/","title":{"rendered":"ONE CACHORRO CARNE"},"content":{"rendered":"<p>Alimento seco para cachorros y hembras gestantes\/lactantes PURINA\u00ae ONE\u00ae con Pollo y Carne. Con carnes como ingredientes #1, granos seleccionados y aceite de coco como fuente alternativa de energ\u00eda. Incluye ingredientes como alga y harina de pescado, que son ricos en Omega 3 (DHA) para ayudar al desarrollo saludable del cerebro y la visi\u00f3n de tu cachorro. Con probi\u00f3ticos naturales que fortalecen la flora intestinal y garantizan una mejor digesti\u00f3n y heces m\u00e1s firmes. Formulado por nutricionistas, PURINA\u00ae ONE\u00ae te entrega resultados visibles en 28 d\u00edas. Sin colorantes artificiales. En un formato de 12kg.<\/p>\n","protected":false},"excerpt":{"rendered":"<p><strong>Alimento One cachorro carne 2kg<\/strong><\/p>\n","protected":false},"featured_media":1306,"template":"","meta":[],"product_brand":[95],"product_cat":[21,94],"product_tag":[24,96,41],"class_list":{"0":"post-1305","1":"product","2":"type-product","3":"status-publish","4":"has-post-thumbnail","6":"product_brand-one","7":"product_cat-alimento-perro","8":"product_cat-one","9":"product_tag-alimento-perro","10":"product_tag-one","11":"product_tag-perro-cachorro","13":"first","14":"instock","15":"taxable","16":"shipping-taxable","17":"purchasable","18":"product-type-simple"},"jetpack_sharing_enabled":true,"_links":{"self":[{"href":"https:\/\/familyzoo.cl\/index.php\/wp-json\/wp\/v2\/product\/1305","targetHints":{"allow":["GET"]}}],"collection":[{"href":"https:\/\/familyzoo.cl\/index.php\/wp-json\/wp\/v2\/product"}],"about":[{"href":"https:\/\/familyzoo.cl\/index.php\/wp-json\/wp\/v2\/types\/product"}],"wp:featuredmedia":[{"embeddable":true,"href":"https:\/\/familyzoo.cl\/index.php\/wp-json\/wp\/v2\/media\/1306"}],"wp:attachment":[{"href":"https:\/\/familyzoo.cl\/index.php\/wp-json\/wp\/v2\/media?parent=1305"}],"wp:term":[{"taxonomy":"product_brand","embeddable":true,"href":"https:\/\/familyzoo.cl\/index.php\/wp-json\/wp\/v2\/product_brand?post=1305"},{"taxonomy":"product_cat","embeddable":true,"href":"https:\/\/familyzoo.cl\/index.php\/wp-json\/wp\/v2\/product_cat?post=1305"},{"taxonomy":"product_tag","embeddable":true,"href":"https:\/\/familyzoo.cl\/index.php\/wp-json\/wp\/v2\/product_tag?post=1305"}],"curies":[{"name":"wp","href":"https:\/\/api.w.org\/{rel}","templated":true}]}}