{"id":1316,"date":"2025-10-24T01:09:44","date_gmt":"2025-10-24T04:09:44","guid":{"rendered":"https:\/\/familyzoo.cl\/?post_type=product&#038;p=1316"},"modified":"2026-03-23T13:07:05","modified_gmt":"2026-03-23T16:07:05","slug":"one-peero-adulto-medio-grande-cordero","status":"publish","type":"product","link":"https:\/\/familyzoo.cl\/index.php\/producto\/one-peero-adulto-medio-grande-cordero\/","title":{"rendered":"ONE PEERO ADULTO MEDIO GRANDE CORDERO"},"content":{"rendered":"<p>Alimento seco para perros adultos medianos y grandes PURINA\u00ae ONE\u00ae con Pollo y Cordero. Con carnes como ingredientes #1, granos seleccionados, alga como fuente de Omega 3 y aceite de coco como fuente alternativa de energ\u00eda. Con probi\u00f3ticos naturales que fortalecen la flora intestinal y garantizan una mejor digesti\u00f3n y heces m\u00e1s firmes. Este alimento contribuye a un coraz\u00f3n sano y m\u00fasculos fuertes. Formulado por nutricionistas, PURINA\u00ae ONE\u00ae te entrega resultados visibles en 28 d\u00edas. Sin colorantes artificiales. En un formato de 12kg.<\/p>\n","protected":false},"excerpt":{"rendered":"<p><strong>Alimento One perro adulto media grande cordero<\/strong><\/p>\n","protected":false},"featured_media":1311,"template":"","meta":[],"product_brand":[95],"product_cat":[21,94],"product_tag":[24,96,34],"class_list":{"0":"post-1316","1":"product","2":"type-product","3":"status-publish","4":"has-post-thumbnail","6":"product_brand-one","7":"product_cat-alimento-perro","8":"product_cat-one","9":"product_tag-alimento-perro","10":"product_tag-one","11":"product_tag-perro-adulto","13":"first","14":"outofstock","15":"taxable","16":"shipping-taxable","17":"purchasable","18":"product-type-variable"},"jetpack_sharing_enabled":true,"_links":{"self":[{"href":"https:\/\/familyzoo.cl\/index.php\/wp-json\/wp\/v2\/product\/1316","targetHints":{"allow":["GET"]}}],"collection":[{"href":"https:\/\/familyzoo.cl\/index.php\/wp-json\/wp\/v2\/product"}],"about":[{"href":"https:\/\/familyzoo.cl\/index.php\/wp-json\/wp\/v2\/types\/product"}],"wp:featuredmedia":[{"embeddable":true,"href":"https:\/\/familyzoo.cl\/index.php\/wp-json\/wp\/v2\/media\/1311"}],"wp:attachment":[{"href":"https:\/\/familyzoo.cl\/index.php\/wp-json\/wp\/v2\/media?parent=1316"}],"wp:term":[{"taxonomy":"product_brand","embeddable":true,"href":"https:\/\/familyzoo.cl\/index.php\/wp-json\/wp\/v2\/product_brand?post=1316"},{"taxonomy":"product_cat","embeddable":true,"href":"https:\/\/familyzoo.cl\/index.php\/wp-json\/wp\/v2\/product_cat?post=1316"},{"taxonomy":"product_tag","embeddable":true,"href":"https:\/\/familyzoo.cl\/index.php\/wp-json\/wp\/v2\/product_tag?post=1316"}],"curies":[{"name":"wp","href":"https:\/\/api.w.org\/{rel}","templated":true}]}}