{"id":1320,"date":"2025-10-24T01:18:23","date_gmt":"2025-10-24T04:18:23","guid":{"rendered":"https:\/\/familyzoo.cl\/?post_type=product&#038;p=1320"},"modified":"2026-03-23T13:07:54","modified_gmt":"2026-03-23T16:07:54","slug":"one-kitten-carne","status":"publish","type":"product","link":"https:\/\/familyzoo.cl\/index.php\/producto\/one-kitten-carne\/","title":{"rendered":"ONE KITTEN CARNE"},"content":{"rendered":"<p>Alimento seco para gatitos y hembras gestantes\/lactantes PURINA\u00ae ONE\u00ae con Pollo y Carne. Con carnes como ingredientes #1, granos seleccionados y aceite de coco como fuente alternativa de energ\u00eda. Incluye ingredientes como alga y harina de pescado, que son ricos en Omega 3 (DHA) para ayudar al desarrollo saludable del cerebro y la visi\u00f3n de tu gatito. Con probi\u00f3ticos naturales que fortalecen la flora intestinal y garantizan una mejor digesti\u00f3n y heces m\u00e1s firmes. Formulado por nutricionistas, PURINA\u00ae ONE\u00ae te entrega resultados visibles en 28 d\u00edas. Sin colorantes artificiales. En un formato de 2kg.<\/p>\n","protected":false},"excerpt":{"rendered":"<p><strong>Alimento One kitten carne 2kg<\/strong><\/p>\n","protected":false},"featured_media":1321,"template":"","meta":[],"product_brand":[95],"product_cat":[73,94],"product_tag":[71,72,96],"class_list":{"0":"post-1320","1":"product","2":"type-product","3":"status-publish","4":"has-post-thumbnail","6":"product_brand-one","7":"product_cat-alimento-gato","8":"product_cat-one","9":"product_tag-alimento-gato","10":"product_tag-gato-kitten","11":"product_tag-one","13":"first","14":"instock","15":"taxable","16":"shipping-taxable","17":"purchasable","18":"product-type-simple"},"jetpack_sharing_enabled":true,"_links":{"self":[{"href":"https:\/\/familyzoo.cl\/index.php\/wp-json\/wp\/v2\/product\/1320","targetHints":{"allow":["GET"]}}],"collection":[{"href":"https:\/\/familyzoo.cl\/index.php\/wp-json\/wp\/v2\/product"}],"about":[{"href":"https:\/\/familyzoo.cl\/index.php\/wp-json\/wp\/v2\/types\/product"}],"wp:featuredmedia":[{"embeddable":true,"href":"https:\/\/familyzoo.cl\/index.php\/wp-json\/wp\/v2\/media\/1321"}],"wp:attachment":[{"href":"https:\/\/familyzoo.cl\/index.php\/wp-json\/wp\/v2\/media?parent=1320"}],"wp:term":[{"taxonomy":"product_brand","embeddable":true,"href":"https:\/\/familyzoo.cl\/index.php\/wp-json\/wp\/v2\/product_brand?post=1320"},{"taxonomy":"product_cat","embeddable":true,"href":"https:\/\/familyzoo.cl\/index.php\/wp-json\/wp\/v2\/product_cat?post=1320"},{"taxonomy":"product_tag","embeddable":true,"href":"https:\/\/familyzoo.cl\/index.php\/wp-json\/wp\/v2\/product_tag?post=1320"}],"curies":[{"name":"wp","href":"https:\/\/api.w.org\/{rel}","templated":true}]}}