{"id":1332,"date":"2025-10-24T01:25:22","date_gmt":"2025-10-24T04:25:22","guid":{"rendered":"https:\/\/familyzoo.cl\/?post_type=product&#038;p=1332"},"modified":"2026-03-23T13:08:15","modified_gmt":"2026-03-23T16:08:15","slug":"one-gato-adulto-carne","status":"publish","type":"product","link":"https:\/\/familyzoo.cl\/index.php\/producto\/one-gato-adulto-carne\/","title":{"rendered":"ONE GATO ADULTO CARNE"},"content":{"rendered":"<p>Alimento seco para gatos adultos PURINA\u00ae ONE\u00ae con Pollo y Carne. Con carnes como ingredientes #1, granos seleccionados, alga como fuente de Omega 3 y aceite de coco como fuente alternativa de energ\u00eda. Con probi\u00f3ticos naturales que fortalecen la flora intestinal y garantizan una mejor digesti\u00f3n y heces m\u00e1s firmes. Este alimento contribuye a la salud del tracto urinario inferior de tu gato. Formulado por nutricionistas, PURINA\u00ae ONE\u00ae te entrega resultados visibles en 28 d\u00edas. Sin colorantes artificiales. En un formato de 2kg.<\/p>\n","protected":false},"excerpt":{"rendered":"<p><strong>Alimento One gato adulto carne 2kg<\/strong><\/p>\n","protected":false},"featured_media":1327,"template":"","meta":[],"product_brand":[95],"product_cat":[73,94],"product_tag":[71,96],"class_list":{"0":"post-1332","1":"product","2":"type-product","3":"status-publish","4":"has-post-thumbnail","6":"product_brand-one","7":"product_cat-alimento-gato","8":"product_cat-one","9":"product_tag-alimento-gato","10":"product_tag-one","12":"first","13":"instock","14":"taxable","15":"shipping-taxable","16":"purchasable","17":"product-type-simple"},"jetpack_sharing_enabled":true,"_links":{"self":[{"href":"https:\/\/familyzoo.cl\/index.php\/wp-json\/wp\/v2\/product\/1332","targetHints":{"allow":["GET"]}}],"collection":[{"href":"https:\/\/familyzoo.cl\/index.php\/wp-json\/wp\/v2\/product"}],"about":[{"href":"https:\/\/familyzoo.cl\/index.php\/wp-json\/wp\/v2\/types\/product"}],"wp:featuredmedia":[{"embeddable":true,"href":"https:\/\/familyzoo.cl\/index.php\/wp-json\/wp\/v2\/media\/1327"}],"wp:attachment":[{"href":"https:\/\/familyzoo.cl\/index.php\/wp-json\/wp\/v2\/media?parent=1332"}],"wp:term":[{"taxonomy":"product_brand","embeddable":true,"href":"https:\/\/familyzoo.cl\/index.php\/wp-json\/wp\/v2\/product_brand?post=1332"},{"taxonomy":"product_cat","embeddable":true,"href":"https:\/\/familyzoo.cl\/index.php\/wp-json\/wp\/v2\/product_cat?post=1332"},{"taxonomy":"product_tag","embeddable":true,"href":"https:\/\/familyzoo.cl\/index.php\/wp-json\/wp\/v2\/product_tag?post=1332"}],"curies":[{"name":"wp","href":"https:\/\/api.w.org\/{rel}","templated":true}]}}