{"id":1343,"date":"2025-10-24T22:15:19","date_gmt":"2025-10-25T01:15:19","guid":{"rendered":"https:\/\/familyzoo.cl\/?post_type=product&#038;p=1343"},"modified":"2025-12-21T20:01:13","modified_gmt":"2025-12-21T23:01:13","slug":"balanced-natural-recipe","status":"publish","type":"product","link":"https:\/\/familyzoo.cl\/index.php\/producto\/balanced-natural-recipe\/","title":{"rendered":"BALANCED NATURAL RECIPE SALM\u00d3N"},"content":{"rendered":"<p>Receta monoprote\u00edca a base de salm\u00f3m que contribuye a reducir las reacciones al\u00e9rgicas.<br \/>\nEl plus de Omega3 ayuda a mejorar la condici\u00f3n de la piel y los signos digestivos de la intolerancia alimentaria.<\/p>\n<ul>\n<li>SKIN CARE:\u00a0Balance Omega 3 y 6, \u00e1cidos grasos esenciales fundamentales para el mantenimiento de una piel sana, humectada y un pelaje brillante.<\/li>\n<li>ORAL CARE:\u00a0Con el agregado de hexametafosfato para ayudar a prevenir el desarrollo de sarro dental.<\/li>\n<li>DIGESTIVE PROTECT:\u00a0Los prebi\u00f3ticos favorecen el desarrollo de bacterias ben\u00e9ficas del intestino, lo que contribuye a mejorar la absorci\u00f3n intestinal, lograr un proceso digestivo \u00f3ptimo y aumentar las defensas naturales.<\/li>\n<li>HEALTHY JOINTS:\u00a0Con glucosamina y metilsulfonilmetano, que ayudan a proteger el sistema osteoarticular del gato adulto, ya que colaboran con la regeneraci\u00f3n y protecci\u00f3n del cart\u00edlago articular.<\/li>\n<li>URINARY HEALTH:\u00a0Su balance de prote\u00ednas y minerales colaboran en alcanzar un ph urinario \u00f3ptimo manteniendo un tracto urinario saludable.<\/li>\n<\/ul>\n","protected":false},"excerpt":{"rendered":"<p>Alimento Balanced NR. gato adulto salm\u00f3n<\/p>\n","protected":false},"featured_media":1057,"template":"","meta":[],"product_brand":[46],"product_cat":[73,43],"product_tag":[71,47],"class_list":{"0":"post-1343","1":"product","2":"type-product","3":"status-publish","4":"has-post-thumbnail","6":"product_brand-balanced-n-r","7":"product_cat-alimento-gato","8":"product_cat-balanced-n-r","9":"product_tag-alimento-gato","10":"product_tag-balanced","12":"first","13":"outofstock","14":"taxable","15":"shipping-taxable","16":"purchasable","17":"product-type-simple"},"jetpack_sharing_enabled":true,"_links":{"self":[{"href":"https:\/\/familyzoo.cl\/index.php\/wp-json\/wp\/v2\/product\/1343","targetHints":{"allow":["GET"]}}],"collection":[{"href":"https:\/\/familyzoo.cl\/index.php\/wp-json\/wp\/v2\/product"}],"about":[{"href":"https:\/\/familyzoo.cl\/index.php\/wp-json\/wp\/v2\/types\/product"}],"wp:featuredmedia":[{"embeddable":true,"href":"https:\/\/familyzoo.cl\/index.php\/wp-json\/wp\/v2\/media\/1057"}],"wp:attachment":[{"href":"https:\/\/familyzoo.cl\/index.php\/wp-json\/wp\/v2\/media?parent=1343"}],"wp:term":[{"taxonomy":"product_brand","embeddable":true,"href":"https:\/\/familyzoo.cl\/index.php\/wp-json\/wp\/v2\/product_brand?post=1343"},{"taxonomy":"product_cat","embeddable":true,"href":"https:\/\/familyzoo.cl\/index.php\/wp-json\/wp\/v2\/product_cat?post=1343"},{"taxonomy":"product_tag","embeddable":true,"href":"https:\/\/familyzoo.cl\/index.php\/wp-json\/wp\/v2\/product_tag?post=1343"}],"curies":[{"name":"wp","href":"https:\/\/api.w.org\/{rel}","templated":true}]}}