{"id":1364,"date":"2025-11-10T23:20:37","date_gmt":"2025-11-11T02:20:37","guid":{"rendered":"https:\/\/familyzoo.cl\/?post_type=product&#038;p=1364"},"modified":"2025-11-10T23:41:41","modified_gmt":"2025-11-11T02:41:41","slug":"pro-plan-sensitive-skin-adulto-salmon","status":"publish","type":"product","link":"https:\/\/familyzoo.cl\/index.php\/producto\/pro-plan-sensitive-skin-adulto-salmon\/","title":{"rendered":"Pro Plan Sensitive Skin Adulto Salm\u00f3n"},"content":{"rendered":"<p>Provee nutrici\u00f3n de avanzada para ayudar a minimizar el riesgo de la irritaci\u00f3n de la piel asociada con la sensibilidad alimentaria.<\/p>\n<p>Dieta de alta tolerancia desarrollada especialmente para satisfacer las necesidades espec\u00edficas de perros con piel sensible.<\/p>\n<ul>\n<li>Cuenta con una fuente alternativa de prote\u00ednas provenientes del salm\u00f3n para dotar a la f\u00f3rmula de alta tolerancia.<\/li>\n<li>Contiene carne fresca de salm\u00f3n, fuente proteica ideal para perros sensibles. Ayuda a reducir la sensibilidad digestiva y a promover una salud \u00f3ptima.<\/li>\n<li>Aporta \u00e1cidos grasos omega 3 y 6, vitaminas y minerales para mantener una piel sana.<\/li>\n<li>Incluye ingredientes de la m\u00e1s alta calidad que le otorgan un sabor excelente apropiado para todos los paladares.<\/li>\n<li>Carne de salm\u00f3n congelada, ma\u00edz, gluten de ma\u00edz, arroz, harina de pescado, aceite de pollo y\/o grasa vacuna preservados con tocoferoles (fuente de vitamina E), hidrolizado a base de subproductos de pollo y\/o cerdo, pulpa de remolacha, carbonato y\/o fosfato c\u00e1lcico, sal, cloruro de potasio, aceite de pescado y\/o harina de alga, (Schizochytrium sp.), zeolita, fibra de ca\u00f1a de az\u00facar, suplementos minerales , suplemento vitam\u00ednico antioxidante (A, D3, E K3, B1, B2, B3, B5, B6, B7, B9, B12, BHT), sorbato de potasio, cloruro de colina, levadura seca (Saccharomyces cerevisiae ssp.), L-lisina, \u00e1cido asc\u00f3rbico (fuente de vitamina C), DL-metionina.<\/li>\n<\/ul>\n","protected":false},"excerpt":{"rendered":"<p>Alimento Pro Plan sensitive skin adulto salm\u00f3n<\/p>\n","protected":false},"featured_media":1370,"template":"","meta":[],"product_brand":[80],"product_cat":[21,79],"product_tag":[24,34,81],"class_list":{"0":"post-1364","1":"product","2":"type-product","3":"status-publish","4":"has-post-thumbnail","6":"product_brand-pro-plan","7":"product_cat-alimento-perro","8":"product_cat-proplan","9":"product_tag-alimento-perro","10":"product_tag-perro-adulto","11":"product_tag-proplan","13":"first","14":"instock","15":"taxable","16":"shipping-taxable","17":"purchasable","18":"product-type-variable"},"jetpack_sharing_enabled":true,"_links":{"self":[{"href":"https:\/\/familyzoo.cl\/index.php\/wp-json\/wp\/v2\/product\/1364","targetHints":{"allow":["GET"]}}],"collection":[{"href":"https:\/\/familyzoo.cl\/index.php\/wp-json\/wp\/v2\/product"}],"about":[{"href":"https:\/\/familyzoo.cl\/index.php\/wp-json\/wp\/v2\/types\/product"}],"wp:featuredmedia":[{"embeddable":true,"href":"https:\/\/familyzoo.cl\/index.php\/wp-json\/wp\/v2\/media\/1370"}],"wp:attachment":[{"href":"https:\/\/familyzoo.cl\/index.php\/wp-json\/wp\/v2\/media?parent=1364"}],"wp:term":[{"taxonomy":"product_brand","embeddable":true,"href":"https:\/\/familyzoo.cl\/index.php\/wp-json\/wp\/v2\/product_brand?post=1364"},{"taxonomy":"product_cat","embeddable":true,"href":"https:\/\/familyzoo.cl\/index.php\/wp-json\/wp\/v2\/product_cat?post=1364"},{"taxonomy":"product_tag","embeddable":true,"href":"https:\/\/familyzoo.cl\/index.php\/wp-json\/wp\/v2\/product_tag?post=1364"}],"curies":[{"name":"wp","href":"https:\/\/api.w.org\/{rel}","templated":true}]}}