{"id":1383,"date":"2025-11-10T23:38:20","date_gmt":"2025-11-11T02:38:20","guid":{"rendered":"https:\/\/familyzoo.cl\/?post_type=product&#038;p=1383"},"modified":"2026-03-27T11:42:43","modified_gmt":"2026-03-27T14:42:43","slug":"excellent-perro-skin-care-salmon","status":"publish","type":"product","link":"https:\/\/familyzoo.cl\/index.php\/producto\/excellent-perro-skin-care-salmon\/","title":{"rendered":"Excellent perro Skin Care Salm\u00f3n"},"content":{"rendered":"<h5 class=\"card-subtitle mb-1\">Descripci\u00f3n<\/h5>\n<p>Alimento seco para adultos de todos los tama\u00f1os EXCELLENT\u00ae Skin Care con Salm\u00f3n. Prote\u00edna alternativa ara adultos con pieles sensibles. Con omega 6 y 3, zinc y vitaminas A y E para una piel saludable.<\/p>\n<ul>\n<li>Prote\u00edna alternativa para piel sensible<\/li>\n<li>Pelaje brillante<\/li>\n<li>Piel saludable<\/li>\n<\/ul>\n<p>Ma\u00edz, harina de salm\u00f3n, gluten de ma\u00edz, arroz, grasa animal (cerdo y bovino), hidrolizado (polvo y\/o l\u00edquido) de v\u00edsceras de pollo, aceite de pollo, fibra de soya, fosfato de calcio, cloruro de sodio, carbonato de calcio, cloruro de potasio, L-lisina, suplementos vitam\u00ednicos, premezcla mineral quelatada, cloruro de colina, metionina.<\/p>\n","protected":false},"excerpt":{"rendered":"<p>Alimento Excellent perro skin care Salm\u00f3n 12kg<\/p>\n","protected":false},"featured_media":1384,"template":"","meta":[],"product_brand":[83],"product_cat":[21,82],"product_tag":[24,84],"class_list":{"0":"post-1383","1":"product","2":"type-product","3":"status-publish","4":"has-post-thumbnail","6":"product_brand-excellent","7":"product_cat-alimento-perro","8":"product_cat-excellent","9":"product_tag-alimento-perro","10":"product_tag-excellent","12":"first","13":"instock","14":"taxable","15":"shipping-taxable","16":"purchasable","17":"product-type-simple"},"jetpack_sharing_enabled":true,"_links":{"self":[{"href":"https:\/\/familyzoo.cl\/index.php\/wp-json\/wp\/v2\/product\/1383","targetHints":{"allow":["GET"]}}],"collection":[{"href":"https:\/\/familyzoo.cl\/index.php\/wp-json\/wp\/v2\/product"}],"about":[{"href":"https:\/\/familyzoo.cl\/index.php\/wp-json\/wp\/v2\/types\/product"}],"wp:featuredmedia":[{"embeddable":true,"href":"https:\/\/familyzoo.cl\/index.php\/wp-json\/wp\/v2\/media\/1384"}],"wp:attachment":[{"href":"https:\/\/familyzoo.cl\/index.php\/wp-json\/wp\/v2\/media?parent=1383"}],"wp:term":[{"taxonomy":"product_brand","embeddable":true,"href":"https:\/\/familyzoo.cl\/index.php\/wp-json\/wp\/v2\/product_brand?post=1383"},{"taxonomy":"product_cat","embeddable":true,"href":"https:\/\/familyzoo.cl\/index.php\/wp-json\/wp\/v2\/product_cat?post=1383"},{"taxonomy":"product_tag","embeddable":true,"href":"https:\/\/familyzoo.cl\/index.php\/wp-json\/wp\/v2\/product_tag?post=1383"}],"curies":[{"name":"wp","href":"https:\/\/api.w.org\/{rel}","templated":true}]}}