{"id":1396,"date":"2025-11-11T18:23:54","date_gmt":"2025-11-11T21:23:54","guid":{"rendered":"https:\/\/familyzoo.cl\/?post_type=product&#038;p=1396"},"modified":"2026-04-03T23:27:51","modified_gmt":"2026-04-04T02:27:51","slug":"leonardo-adulto-gf-salmon","status":"publish","type":"product","link":"https:\/\/familyzoo.cl\/index.php\/producto\/leonardo-adulto-gf-salmon\/","title":{"rendered":"Leonardo adulto GF Salm\u00f3n"},"content":{"rendered":"<p>Sabroso salm\u00f3n para los verdaderos fans del pescado. Esta receta de LEONARDO se ha desarrollado espec\u00edficamente para gatos con intolerancias alimentarias o tendencia a padecer alergias. No contiene gluten ni cereales. En esta composici\u00f3n el amaranto, rico en nutrientes, sustituye los cereales.<\/p>\n<p>Porcentaje de prote\u00edna animal sobre el total:80 %<\/p>\n","protected":false},"excerpt":{"rendered":"<p>Alimento Leonardo gato adulto GF salm\u00f3n<\/p>\n","protected":false},"featured_media":1397,"template":"","meta":[],"product_brand":[100],"product_cat":[73,101],"product_tag":[71,102],"class_list":{"0":"post-1396","1":"product","2":"type-product","3":"status-publish","4":"has-post-thumbnail","6":"product_brand-leonardo","7":"product_cat-alimento-gato","8":"product_cat-leonardo","9":"product_tag-alimento-gato","10":"product_tag-leonardo","12":"first","13":"instock","14":"taxable","15":"shipping-taxable","16":"purchasable","17":"product-type-variable"},"jetpack_sharing_enabled":true,"_links":{"self":[{"href":"https:\/\/familyzoo.cl\/index.php\/wp-json\/wp\/v2\/product\/1396","targetHints":{"allow":["GET"]}}],"collection":[{"href":"https:\/\/familyzoo.cl\/index.php\/wp-json\/wp\/v2\/product"}],"about":[{"href":"https:\/\/familyzoo.cl\/index.php\/wp-json\/wp\/v2\/types\/product"}],"wp:featuredmedia":[{"embeddable":true,"href":"https:\/\/familyzoo.cl\/index.php\/wp-json\/wp\/v2\/media\/1397"}],"wp:attachment":[{"href":"https:\/\/familyzoo.cl\/index.php\/wp-json\/wp\/v2\/media?parent=1396"}],"wp:term":[{"taxonomy":"product_brand","embeddable":true,"href":"https:\/\/familyzoo.cl\/index.php\/wp-json\/wp\/v2\/product_brand?post=1396"},{"taxonomy":"product_cat","embeddable":true,"href":"https:\/\/familyzoo.cl\/index.php\/wp-json\/wp\/v2\/product_cat?post=1396"},{"taxonomy":"product_tag","embeddable":true,"href":"https:\/\/familyzoo.cl\/index.php\/wp-json\/wp\/v2\/product_tag?post=1396"}],"curies":[{"name":"wp","href":"https:\/\/api.w.org\/{rel}","templated":true}]}}