{"id":1414,"date":"2025-11-11T18:35:50","date_gmt":"2025-11-11T21:35:50","guid":{"rendered":"https:\/\/familyzoo.cl\/?post_type=product&#038;p=1414"},"modified":"2026-04-20T13:18:24","modified_gmt":"2026-04-20T17:18:24","slug":"leonardo-adulto-duck","status":"publish","type":"product","link":"https:\/\/familyzoo.cl\/index.php\/producto\/leonardo-adulto-duck\/","title":{"rendered":"Leonardo adulto Duck"},"content":{"rendered":"<p>LEONARDO Adult Duck es una variante de delicioso sabor para los gatos amantes de la carne de ave. Adem\u00e1s, la receta se ha mejorado con semillas de ch\u00eda y con sabroso krill, el crust\u00e1ceo procedente de la Ant\u00e1rtida. Su alto contenido en \u00e1cidos grasos omega-3 y lecitina contribuye a conservar una piel sana y un pelaje brillante.<\/p>\n<p>Porcentaje de prote\u00edna animal sobre el total:\u00a085 %<\/p>\n","protected":false},"excerpt":{"rendered":"<p>Alimento Leonardo gato adulto pato<\/p>\n","protected":false},"featured_media":1407,"template":"","meta":[],"product_brand":[100],"product_cat":[73,101],"product_tag":[71,102],"class_list":{"0":"post-1414","1":"product","2":"type-product","3":"status-publish","4":"has-post-thumbnail","6":"product_brand-leonardo","7":"product_cat-alimento-gato","8":"product_cat-leonardo","9":"product_tag-alimento-gato","10":"product_tag-leonardo","12":"first","13":"instock","14":"taxable","15":"shipping-taxable","16":"purchasable","17":"product-type-variable"},"jetpack_sharing_enabled":true,"_links":{"self":[{"href":"https:\/\/familyzoo.cl\/index.php\/wp-json\/wp\/v2\/product\/1414","targetHints":{"allow":["GET"]}}],"collection":[{"href":"https:\/\/familyzoo.cl\/index.php\/wp-json\/wp\/v2\/product"}],"about":[{"href":"https:\/\/familyzoo.cl\/index.php\/wp-json\/wp\/v2\/types\/product"}],"wp:featuredmedia":[{"embeddable":true,"href":"https:\/\/familyzoo.cl\/index.php\/wp-json\/wp\/v2\/media\/1407"}],"wp:attachment":[{"href":"https:\/\/familyzoo.cl\/index.php\/wp-json\/wp\/v2\/media?parent=1414"}],"wp:term":[{"taxonomy":"product_brand","embeddable":true,"href":"https:\/\/familyzoo.cl\/index.php\/wp-json\/wp\/v2\/product_brand?post=1414"},{"taxonomy":"product_cat","embeddable":true,"href":"https:\/\/familyzoo.cl\/index.php\/wp-json\/wp\/v2\/product_cat?post=1414"},{"taxonomy":"product_tag","embeddable":true,"href":"https:\/\/familyzoo.cl\/index.php\/wp-json\/wp\/v2\/product_tag?post=1414"}],"curies":[{"name":"wp","href":"https:\/\/api.w.org\/{rel}","templated":true}]}}