{"id":1417,"date":"2025-11-11T18:47:48","date_gmt":"2025-11-11T21:47:48","guid":{"rendered":"https:\/\/familyzoo.cl\/?post_type=product&#038;p=1417"},"modified":"2025-11-11T18:48:11","modified_gmt":"2025-11-11T21:48:11","slug":"leonardo-gf-kitten","status":"publish","type":"product","link":"https:\/\/familyzoo.cl\/index.php\/producto\/leonardo-gf-kitten\/","title":{"rendered":"Leonardo GF Kitten"},"content":{"rendered":"<p>A la hora de elegir el alimento para tu gatito muchos propietarios prefieren una receta sin cereales. Por eso para el LEONARDO Kitten GF apostamos por el amaranto como valiosa alternativa sin gluten. Con deliciosa caballa y carne de ave extra fresca que les encanta a los m\u00e1s peque\u00f1os. La receta se complementa con otros selectos ingredientes: zooplancton marino y semillas de ch\u00eda. Ambos son fuentes naturales de sustancias vitales como los \u00e1cidos grasos omega-3. Nuestros componentes vitales adem\u00e1s aseguran un inicio \u00f3ptimo de la vida del gatito: STAY-Clean\u2122* refuerza el cuidado dental y ProVital fortalece el sistema inmunol\u00f3gico. *STAY-Clean\u2122 es una marca registrada de DSM Nutritional Products AG<\/p>\n<p>Porcentaje de prote\u00edna animal sobre el total:\u00a085 %<\/p>\n","protected":false},"excerpt":{"rendered":"<p><strong>Alimento Leonardo kitten GF 1.8kg<\/strong><\/p>\n","protected":false},"featured_media":1409,"template":"","meta":[],"product_brand":[100],"product_cat":[73,101],"product_tag":[71,72,102],"class_list":{"0":"post-1417","1":"product","2":"type-product","3":"status-publish","4":"has-post-thumbnail","6":"product_brand-leonardo","7":"product_cat-alimento-gato","8":"product_cat-leonardo","9":"product_tag-alimento-gato","10":"product_tag-gato-kitten","11":"product_tag-leonardo","13":"first","14":"instock","15":"taxable","16":"shipping-taxable","17":"purchasable","18":"product-type-simple"},"jetpack_sharing_enabled":true,"_links":{"self":[{"href":"https:\/\/familyzoo.cl\/index.php\/wp-json\/wp\/v2\/product\/1417","targetHints":{"allow":["GET"]}}],"collection":[{"href":"https:\/\/familyzoo.cl\/index.php\/wp-json\/wp\/v2\/product"}],"about":[{"href":"https:\/\/familyzoo.cl\/index.php\/wp-json\/wp\/v2\/types\/product"}],"wp:featuredmedia":[{"embeddable":true,"href":"https:\/\/familyzoo.cl\/index.php\/wp-json\/wp\/v2\/media\/1409"}],"wp:attachment":[{"href":"https:\/\/familyzoo.cl\/index.php\/wp-json\/wp\/v2\/media?parent=1417"}],"wp:term":[{"taxonomy":"product_brand","embeddable":true,"href":"https:\/\/familyzoo.cl\/index.php\/wp-json\/wp\/v2\/product_brand?post=1417"},{"taxonomy":"product_cat","embeddable":true,"href":"https:\/\/familyzoo.cl\/index.php\/wp-json\/wp\/v2\/product_cat?post=1417"},{"taxonomy":"product_tag","embeddable":true,"href":"https:\/\/familyzoo.cl\/index.php\/wp-json\/wp\/v2\/product_tag?post=1417"}],"curies":[{"name":"wp","href":"https:\/\/api.w.org\/{rel}","templated":true}]}}