{"id":1419,"date":"2025-11-11T19:20:40","date_gmt":"2025-11-11T22:20:40","guid":{"rendered":"https:\/\/familyzoo.cl\/?post_type=product&#038;p=1419"},"modified":"2026-05-01T17:35:30","modified_gmt":"2026-05-01T21:35:30","slug":"belcando-finest-gf-salmon","status":"publish","type":"product","link":"https:\/\/familyzoo.cl\/index.php\/producto\/belcando-finest-gf-salmon\/","title":{"rendered":"Belcando Finest GF Salm\u00f3n"},"content":{"rendered":"<p>Una receta especial para casos especiales. Como la \u00fanica fuente de prote\u00edna animal es el pescado, esta receta sin cereales tambi\u00e9n es la soluci\u00f3n ideal para perros con intolerancias alimentarias o alergias. El amaranto es una valiosa alternativa a los cereales y una de las primeras plantas utilizadas por el hombre. Adem\u00e1s aporta importantes nutrientes y sustancias vitales. Esta f\u00f3rmula les encanta incluso a los peludines m\u00e1s exigentes gracias a su gran cantidad de salm\u00f3n fresco. El kril ant\u00e1rtico de pesca sostenible es una fuente de \u00e1cidos grasos omega 3 muy interesante por su forma f\u00e1cilmente aprovechable.<\/p>\n<p>Porcentaje de prote\u00edna animal sobre el total:<br \/>\n75 % (de pescado de agua salada 65%, de zooplancton marino\/ krill 10 %)<\/p>\n","protected":false},"excerpt":{"rendered":"<p><strong>Alimento Belcando finest GF salm\u00f3n<\/strong><\/p>\n","protected":false},"featured_media":1422,"template":"","meta":[],"product_brand":[104],"product_cat":[21,103],"product_tag":[24,105],"class_list":{"0":"post-1419","1":"product","2":"type-product","3":"status-publish","4":"has-post-thumbnail","6":"product_brand-belcando","7":"product_cat-alimento-perro","8":"product_cat-belcando","9":"product_tag-alimento-perro","10":"product_tag-belcando","12":"first","13":"instock","14":"sale","15":"taxable","16":"shipping-taxable","17":"purchasable","18":"product-type-variable"},"jetpack_sharing_enabled":true,"_links":{"self":[{"href":"https:\/\/familyzoo.cl\/index.php\/wp-json\/wp\/v2\/product\/1419","targetHints":{"allow":["GET"]}}],"collection":[{"href":"https:\/\/familyzoo.cl\/index.php\/wp-json\/wp\/v2\/product"}],"about":[{"href":"https:\/\/familyzoo.cl\/index.php\/wp-json\/wp\/v2\/types\/product"}],"wp:featuredmedia":[{"embeddable":true,"href":"https:\/\/familyzoo.cl\/index.php\/wp-json\/wp\/v2\/media\/1422"}],"wp:attachment":[{"href":"https:\/\/familyzoo.cl\/index.php\/wp-json\/wp\/v2\/media?parent=1419"}],"wp:term":[{"taxonomy":"product_brand","embeddable":true,"href":"https:\/\/familyzoo.cl\/index.php\/wp-json\/wp\/v2\/product_brand?post=1419"},{"taxonomy":"product_cat","embeddable":true,"href":"https:\/\/familyzoo.cl\/index.php\/wp-json\/wp\/v2\/product_cat?post=1419"},{"taxonomy":"product_tag","embeddable":true,"href":"https:\/\/familyzoo.cl\/index.php\/wp-json\/wp\/v2\/product_tag?post=1419"}],"curies":[{"name":"wp","href":"https:\/\/api.w.org\/{rel}","templated":true}]}}