{"id":1434,"date":"2025-11-11T19:39:21","date_gmt":"2025-11-11T22:39:21","guid":{"rendered":"https:\/\/familyzoo.cl\/?post_type=product&#038;p=1434"},"modified":"2026-05-13T20:38:40","modified_gmt":"2026-05-14T00:38:40","slug":"belcando-adulto-iberico-rice","status":"publish","type":"product","link":"https:\/\/familyzoo.cl\/index.php\/producto\/belcando-adulto-iberico-rice\/","title":{"rendered":"Belcando Adulto Ib\u00e9rico &#038; Rice"},"content":{"rendered":"<div>La combinaci\u00f3n de carne fresca de cerdo ib\u00e9rico y arroz de digesti\u00f3n f\u00e1cil hace de esta receta una autentica experiencia de sabor. Lo especial: los cerdos de pata negra viven semisalvajes en las dehesas del sur y sur-oeste de la pen\u00ednsula. Gracias al ejercicio que hacen buscando alimentos, engordan relativamente lento. Eso y la alimentaci\u00f3n especial en si, a base de bellotas, setas, ra\u00edces y otros frutos silvestres, crea el sabor tan \u00fanico del cerdo iberico. Adult Iberico &amp; Rice se completa con ingredientes valiosos y superalimentos como semillas de ch\u00eda con sustancias mucilaginosas naturales y un 20% de Omega 3. Gracias a esto la variedad est\u00e1 perfectamente adaptada a las necesidades de perros adultos.<\/div>\n<div><\/div>\n<div>Porcentaje de prote\u00edna animal sobre el total: 75<b> %<\/b>\u00a0(de cerdo ib\u00e9rico 50 %, de pescado 25 %)<\/div>\n","protected":false},"excerpt":{"rendered":"<p>Alimento Belcando adulto ib\u00e9rico y arroz<\/p>\n","protected":false},"featured_media":1435,"template":"","meta":[],"product_brand":[104],"product_cat":[21,103],"product_tag":[24,105],"class_list":{"0":"post-1434","1":"product","2":"type-product","3":"status-publish","4":"has-post-thumbnail","6":"product_brand-belcando","7":"product_cat-alimento-perro","8":"product_cat-belcando","9":"product_tag-alimento-perro","10":"product_tag-belcando","12":"first","13":"instock","14":"taxable","15":"shipping-taxable","16":"purchasable","17":"product-type-variable"},"jetpack_sharing_enabled":true,"_links":{"self":[{"href":"https:\/\/familyzoo.cl\/index.php\/wp-json\/wp\/v2\/product\/1434","targetHints":{"allow":["GET"]}}],"collection":[{"href":"https:\/\/familyzoo.cl\/index.php\/wp-json\/wp\/v2\/product"}],"about":[{"href":"https:\/\/familyzoo.cl\/index.php\/wp-json\/wp\/v2\/types\/product"}],"wp:featuredmedia":[{"embeddable":true,"href":"https:\/\/familyzoo.cl\/index.php\/wp-json\/wp\/v2\/media\/1435"}],"wp:attachment":[{"href":"https:\/\/familyzoo.cl\/index.php\/wp-json\/wp\/v2\/media?parent=1434"}],"wp:term":[{"taxonomy":"product_brand","embeddable":true,"href":"https:\/\/familyzoo.cl\/index.php\/wp-json\/wp\/v2\/product_brand?post=1434"},{"taxonomy":"product_cat","embeddable":true,"href":"https:\/\/familyzoo.cl\/index.php\/wp-json\/wp\/v2\/product_cat?post=1434"},{"taxonomy":"product_tag","embeddable":true,"href":"https:\/\/familyzoo.cl\/index.php\/wp-json\/wp\/v2\/product_tag?post=1434"}],"curies":[{"name":"wp","href":"https:\/\/api.w.org\/{rel}","templated":true}]}}