{"id":1446,"date":"2025-11-11T19:47:43","date_gmt":"2025-11-11T22:47:43","guid":{"rendered":"https:\/\/familyzoo.cl\/?post_type=product&#038;p=1446"},"modified":"2026-05-01T17:35:13","modified_gmt":"2026-05-01T21:35:13","slug":"belcando-adulto-gf-ocean","status":"publish","type":"product","link":"https:\/\/familyzoo.cl\/index.php\/producto\/belcando-adulto-gf-ocean\/","title":{"rendered":"Belcando Adulto GF Ocean"},"content":{"rendered":"<div>\u00bfNada de carne de vacuno? \u00bfNada de pollo? Y entonces, \u00bfqu\u00e9? Los perros intolerantes a las prote\u00ednas de animales terrestres estar\u00e1n encantados con nuestra receta \u201csingle animal protein\u201d sin cereales. Que contiene exclusivamente prote\u00ednas de animales marinos. El salm\u00f3n, secado siguiendo un procedimiento cuidadoso, y el kril ant\u00e1rtico de pesca sostenible, que es especialmente rico en los importantes \u00e1cidos grasos omega 3, fortalecen el coraz\u00f3n y el sistema cardiovascular. Adem\u00e1s, aportan a los perros en activo valiosos nutrientes para una alimentaci\u00f3n \u00f3ptima.<\/div>\n<div><\/div>\n<div>Porcentaje de prote\u00edna animal sobre el total:\u00a075 % (de pescado de agua salada 65 %, de zooplancton marino\/ krill 10 %)<\/div>\n","protected":false},"excerpt":{"rendered":"<p>Alimento Belcando adulto GF ocean<\/p>\n","protected":false},"featured_media":1437,"template":"","meta":[],"product_brand":[104],"product_cat":[21,103],"product_tag":[24,105],"class_list":{"0":"post-1446","1":"product","2":"type-product","3":"status-publish","4":"has-post-thumbnail","6":"product_brand-belcando","7":"product_cat-alimento-perro","8":"product_cat-belcando","9":"product_tag-alimento-perro","10":"product_tag-belcando","12":"first","13":"outofstock","14":"sale","15":"taxable","16":"shipping-taxable","17":"purchasable","18":"product-type-variable"},"jetpack_sharing_enabled":true,"_links":{"self":[{"href":"https:\/\/familyzoo.cl\/index.php\/wp-json\/wp\/v2\/product\/1446","targetHints":{"allow":["GET"]}}],"collection":[{"href":"https:\/\/familyzoo.cl\/index.php\/wp-json\/wp\/v2\/product"}],"about":[{"href":"https:\/\/familyzoo.cl\/index.php\/wp-json\/wp\/v2\/types\/product"}],"wp:featuredmedia":[{"embeddable":true,"href":"https:\/\/familyzoo.cl\/index.php\/wp-json\/wp\/v2\/media\/1437"}],"wp:attachment":[{"href":"https:\/\/familyzoo.cl\/index.php\/wp-json\/wp\/v2\/media?parent=1446"}],"wp:term":[{"taxonomy":"product_brand","embeddable":true,"href":"https:\/\/familyzoo.cl\/index.php\/wp-json\/wp\/v2\/product_brand?post=1446"},{"taxonomy":"product_cat","embeddable":true,"href":"https:\/\/familyzoo.cl\/index.php\/wp-json\/wp\/v2\/product_cat?post=1446"},{"taxonomy":"product_tag","embeddable":true,"href":"https:\/\/familyzoo.cl\/index.php\/wp-json\/wp\/v2\/product_tag?post=1446"}],"curies":[{"name":"wp","href":"https:\/\/api.w.org\/{rel}","templated":true}]}}