{"id":1450,"date":"2025-11-11T19:51:31","date_gmt":"2025-11-11T22:51:31","guid":{"rendered":"https:\/\/familyzoo.cl\/?post_type=product&#038;p=1450"},"modified":"2026-05-13T20:39:11","modified_gmt":"2026-05-14T00:39:11","slug":"belcando-adulto-gf-poultry","status":"publish","type":"product","link":"https:\/\/familyzoo.cl\/index.php\/producto\/belcando-adulto-gf-poultry\/","title":{"rendered":"Belcando Adulto GF Poultry"},"content":{"rendered":"<div>Una alternativa nutricional para perros que tienen intolerancia al gluten o a los cereales. En esta receta los cereales se sustituyen por amaranto de alta calidad. El amaranto es una de las primeras plantas \u00fatiles utilizadas por el hombre y ya era muy apreciado por los aztecas debido a sus propiedades energ\u00e9ticas. Gracias a la combinaci\u00f3n con kril \u2013que es una gran fuente de nutrientes como los \u00e1cidos grasos omega 3\u2013, se consigue una f\u00f3rmula perfectamente equilibrada. Con un bajo contenido en prote\u00ednas y grasas, BELCANDO\u00ae Adult GF Poultry se ajusta a las necesidades de los perros con una actividad normal.<\/div>\n<div><\/div>\n<div>Porcentaje de prote\u00edna animal sobre el total:\u00a075 % (de carne de ave 65 %, de pescado\/ krill 10 %)<\/div>\n","protected":false},"excerpt":{"rendered":"<p>Alimento Belcando adulto GF Poultry<\/p>\n","protected":false},"featured_media":1439,"template":"","meta":[],"product_brand":[104],"product_cat":[21,103],"product_tag":[24,105],"class_list":{"0":"post-1450","1":"product","2":"type-product","3":"status-publish","4":"has-post-thumbnail","6":"product_brand-belcando","7":"product_cat-alimento-perro","8":"product_cat-belcando","9":"product_tag-alimento-perro","10":"product_tag-belcando","12":"first","13":"outofstock","14":"sale","15":"taxable","16":"shipping-taxable","17":"purchasable","18":"product-type-variable"},"jetpack_sharing_enabled":true,"_links":{"self":[{"href":"https:\/\/familyzoo.cl\/index.php\/wp-json\/wp\/v2\/product\/1450","targetHints":{"allow":["GET"]}}],"collection":[{"href":"https:\/\/familyzoo.cl\/index.php\/wp-json\/wp\/v2\/product"}],"about":[{"href":"https:\/\/familyzoo.cl\/index.php\/wp-json\/wp\/v2\/types\/product"}],"wp:featuredmedia":[{"embeddable":true,"href":"https:\/\/familyzoo.cl\/index.php\/wp-json\/wp\/v2\/media\/1439"}],"wp:attachment":[{"href":"https:\/\/familyzoo.cl\/index.php\/wp-json\/wp\/v2\/media?parent=1450"}],"wp:term":[{"taxonomy":"product_brand","embeddable":true,"href":"https:\/\/familyzoo.cl\/index.php\/wp-json\/wp\/v2\/product_brand?post=1450"},{"taxonomy":"product_cat","embeddable":true,"href":"https:\/\/familyzoo.cl\/index.php\/wp-json\/wp\/v2\/product_cat?post=1450"},{"taxonomy":"product_tag","embeddable":true,"href":"https:\/\/familyzoo.cl\/index.php\/wp-json\/wp\/v2\/product_tag?post=1450"}],"curies":[{"name":"wp","href":"https:\/\/api.w.org\/{rel}","templated":true}]}}