{"id":1454,"date":"2025-11-11T19:58:55","date_gmt":"2025-11-11T22:58:55","guid":{"rendered":"https:\/\/familyzoo.cl\/?post_type=product&#038;p=1454"},"modified":"2025-11-11T19:59:16","modified_gmt":"2025-11-11T22:59:16","slug":"belcando-adulto-finest-croc","status":"publish","type":"product","link":"https:\/\/familyzoo.cl\/index.php\/producto\/belcando-adulto-finest-croc\/","title":{"rendered":"Belcando Adulto Finest Croc"},"content":{"rendered":"<div>Materias primas especialmente seleccionadas, la sabrosa carne de pato hace de BELCANDO Finest Croc la primera opci\u00f3n para perros adultos de paladares exquisitos. Contiene arroz de muy f\u00e1cil digesti\u00f3n, y la valiosa harina de semilla de uva prensada en fr\u00edo hacen que la hora de comida sea un placer muy saludable en todos los sentidos. Un alto contenido en prote\u00ednas y grasas favorece la digesti\u00f3n y reduce el volumen fecal.<\/div>\n<div><\/div>\n<div>Porcentaje de prote\u00edna animal sobre el total: 85 %\u00a0(de carne de ave 75 %, de pescado 10 %)<\/div>\n","protected":false},"excerpt":{"rendered":"<p>Alimento Belcando adulto finest croc<\/p>\n","protected":false},"featured_media":1441,"template":"","meta":[],"product_brand":[104],"product_cat":[21,103],"product_tag":[24,105],"class_list":{"0":"post-1454","1":"product","2":"type-product","3":"status-publish","4":"has-post-thumbnail","6":"product_brand-belcando","7":"product_cat-alimento-perro","8":"product_cat-belcando","9":"product_tag-alimento-perro","10":"product_tag-belcando","12":"first","13":"outofstock","14":"taxable","15":"shipping-taxable","16":"purchasable","17":"product-type-variable"},"jetpack_sharing_enabled":true,"_links":{"self":[{"href":"https:\/\/familyzoo.cl\/index.php\/wp-json\/wp\/v2\/product\/1454","targetHints":{"allow":["GET"]}}],"collection":[{"href":"https:\/\/familyzoo.cl\/index.php\/wp-json\/wp\/v2\/product"}],"about":[{"href":"https:\/\/familyzoo.cl\/index.php\/wp-json\/wp\/v2\/types\/product"}],"wp:featuredmedia":[{"embeddable":true,"href":"https:\/\/familyzoo.cl\/index.php\/wp-json\/wp\/v2\/media\/1441"}],"wp:attachment":[{"href":"https:\/\/familyzoo.cl\/index.php\/wp-json\/wp\/v2\/media?parent=1454"}],"wp:term":[{"taxonomy":"product_brand","embeddable":true,"href":"https:\/\/familyzoo.cl\/index.php\/wp-json\/wp\/v2\/product_brand?post=1454"},{"taxonomy":"product_cat","embeddable":true,"href":"https:\/\/familyzoo.cl\/index.php\/wp-json\/wp\/v2\/product_cat?post=1454"},{"taxonomy":"product_tag","embeddable":true,"href":"https:\/\/familyzoo.cl\/index.php\/wp-json\/wp\/v2\/product_tag?post=1454"}],"curies":[{"name":"wp","href":"https:\/\/api.w.org\/{rel}","templated":true}]}}