{"id":1471,"date":"2025-12-12T16:09:02","date_gmt":"2025-12-12T19:09:02","guid":{"rendered":"https:\/\/familyzoo.cl\/?post_type=product&#038;p=1471"},"modified":"2025-12-21T20:54:21","modified_gmt":"2025-12-21T23:54:21","slug":"orijen-original-perro","status":"publish","type":"product","link":"https:\/\/familyzoo.cl\/index.php\/producto\/orijen-original-perro\/","title":{"rendered":"Orijen Original perro"},"content":{"rendered":"<p>Ayuda a tu perro a prosperar con la energ\u00eda de las recetas ricas en prote\u00ednas, que proporcionan la m\u00e1xima nutrici\u00f3n. Los perros son ancestralmente carn\u00edvoros, as\u00ed que necesitan una dieta Biologically Appropriate\u2122 (Biol\u00f3gicamente Apropiada) rica y variada en ingredientes enteros de origen animal. La dieta ORIJEN<sup>\u2122<\/sup>\u00a0Original ofrece un 85% de ingredientes de origen animal de calidad como pollo y pavo frescos o crudos, as\u00ed como pescado salvaje o de piscicultura sostenible. Rico en ingredientes de origen animal de presa entera como \u00f3rganos y huesos, ORIJEN\u2122 Original est\u00e1 elaborado con las partes suculentas y nutritivas de la presa, para proporcionar la nutrici\u00f3n que los perros necesitan. El resultado es una dieta para tu perro que no tiene comparaci\u00f3n.<\/p>\n<ul>\n<li>Los 5 primeros ingredientes son ingredientes de aves y pescado frescos o crudos.<\/li>\n<li>85% de ingredientes de aves y pescado de calidad, que proporcionan una rica fuente de prote\u00ednas, vitaminas y minerales esenciales.<\/li>\n<li>Nuestra aut\u00e9ntica dieta de presa entera se caracteriza por contener las partes suculentas de la presa como pollo o pescado, \u00f3rganos y huesos para imitar lo que los ancestros de tu perro consum\u00edan en la naturaleza.<\/li>\n<li>Recubrimiento liofilizado para una explosi\u00f3n de sabor que a tu perro le encantar\u00e1.<\/li>\n<li>Elaborado en Canad\u00e1 con los mejores ingredientes del mundo.<\/li>\n<li>Ingredientes sin cereales.<\/li>\n<\/ul>\n","protected":false},"excerpt":{"rendered":"<p>Alimento Orijen perro Original<\/p>\n","protected":false},"featured_media":1467,"template":"","meta":[],"product_brand":[107],"product_cat":[106],"product_tag":[24,108],"class_list":{"0":"post-1471","1":"product","2":"type-product","3":"status-publish","4":"has-post-thumbnail","6":"product_brand-orijen","7":"product_cat-orijen","8":"product_tag-alimento-perro","9":"product_tag-orijen","11":"first","12":"instock","13":"taxable","14":"shipping-taxable","15":"purchasable","16":"product-type-variable"},"jetpack_sharing_enabled":true,"_links":{"self":[{"href":"https:\/\/familyzoo.cl\/index.php\/wp-json\/wp\/v2\/product\/1471","targetHints":{"allow":["GET"]}}],"collection":[{"href":"https:\/\/familyzoo.cl\/index.php\/wp-json\/wp\/v2\/product"}],"about":[{"href":"https:\/\/familyzoo.cl\/index.php\/wp-json\/wp\/v2\/types\/product"}],"wp:featuredmedia":[{"embeddable":true,"href":"https:\/\/familyzoo.cl\/index.php\/wp-json\/wp\/v2\/media\/1467"}],"wp:attachment":[{"href":"https:\/\/familyzoo.cl\/index.php\/wp-json\/wp\/v2\/media?parent=1471"}],"wp:term":[{"taxonomy":"product_brand","embeddable":true,"href":"https:\/\/familyzoo.cl\/index.php\/wp-json\/wp\/v2\/product_brand?post=1471"},{"taxonomy":"product_cat","embeddable":true,"href":"https:\/\/familyzoo.cl\/index.php\/wp-json\/wp\/v2\/product_cat?post=1471"},{"taxonomy":"product_tag","embeddable":true,"href":"https:\/\/familyzoo.cl\/index.php\/wp-json\/wp\/v2\/product_tag?post=1471"}],"curies":[{"name":"wp","href":"https:\/\/api.w.org\/{rel}","templated":true}]}}