{"id":1472,"date":"2025-12-12T16:12:42","date_gmt":"2025-12-12T19:12:42","guid":{"rendered":"https:\/\/familyzoo.cl\/?post_type=product&#038;p=1472"},"modified":"2025-12-12T16:12:43","modified_gmt":"2025-12-12T19:12:43","slug":"orijen-puppy","status":"publish","type":"product","link":"https:\/\/familyzoo.cl\/index.php\/producto\/orijen-puppy\/","title":{"rendered":"Orijen Puppy"},"content":{"rendered":"<p>Ayuda a tu cachorro a desarrollarse con la energ\u00eda de las recetas ricas en prote\u00ednas, que proporcionan la m\u00e1xima nutrici\u00f3n. Todos los cachorros se desarrollan mejor con una dieta Biologically Appropriate\u2122 (Biol\u00f3gicamente Apropiada) rica en prote\u00ednas y grasa de ingredientes de origen animal de calidad. La dieta ORIJEN<sup>\u2122<\/sup>\u00a0Puppy ofrece un 85% de ingredientes de origen animal de calidad como pollo y pavo frescos o crudos, as\u00ed como pescado salvaje o de piscicultura sostenible. Rico en ingredientes de origen animal de presa entera como \u00f3rganos y huesos, ORIJEN\u2122 Puppy est\u00e1 elaborado con las partes suculentas y nutritivas de la presa, para proporcionar la nutrici\u00f3n que los cachorros necesitan. El resultado es una dieta para tu perro que no tiene comparaci\u00f3n.<\/p>\n<ul>\n<li>Los 5 primeros ingredientes son ingredientes de aves y pescado frescos o crudos.<\/li>\n<li>85% de ingredientes de aves y pescado de calidad, que proporcionan una rica fuente de prote\u00ednas, vitaminas y minerales esenciales.<\/li>\n<li>Nuestra aut\u00e9ntica dieta de presa entera se caracteriza por contener las partes suculentas de la presa como pollo o pescado, \u00f3rganos y huesos para imitar lo que los ancestros de tu perro consum\u00edan en la naturaleza.<\/li>\n<li>Recubrimiento liofilizado para una explosi\u00f3n de sabor que a tu perro le encantar\u00e1.<\/li>\n<li>Elaborado en Canad\u00e1 con los mejores ingredientes del mundo.<\/li>\n<li>Ingredientes sin cereales.<\/li>\n<\/ul>\n","protected":false},"excerpt":{"rendered":"<p>Alimento Orijen puppy 2kg<\/p>\n","protected":false},"featured_media":1469,"template":"","meta":[],"product_brand":[107],"product_cat":[106],"product_tag":[24,108,41],"class_list":{"0":"post-1472","1":"product","2":"type-product","3":"status-publish","4":"has-post-thumbnail","6":"product_brand-orijen","7":"product_cat-orijen","8":"product_tag-alimento-perro","9":"product_tag-orijen","10":"product_tag-perro-cachorro","12":"first","13":"instock","14":"taxable","15":"shipping-taxable","16":"purchasable","17":"product-type-simple"},"jetpack_sharing_enabled":true,"_links":{"self":[{"href":"https:\/\/familyzoo.cl\/index.php\/wp-json\/wp\/v2\/product\/1472","targetHints":{"allow":["GET"]}}],"collection":[{"href":"https:\/\/familyzoo.cl\/index.php\/wp-json\/wp\/v2\/product"}],"about":[{"href":"https:\/\/familyzoo.cl\/index.php\/wp-json\/wp\/v2\/types\/product"}],"wp:featuredmedia":[{"embeddable":true,"href":"https:\/\/familyzoo.cl\/index.php\/wp-json\/wp\/v2\/media\/1469"}],"wp:attachment":[{"href":"https:\/\/familyzoo.cl\/index.php\/wp-json\/wp\/v2\/media?parent=1472"}],"wp:term":[{"taxonomy":"product_brand","embeddable":true,"href":"https:\/\/familyzoo.cl\/index.php\/wp-json\/wp\/v2\/product_brand?post=1472"},{"taxonomy":"product_cat","embeddable":true,"href":"https:\/\/familyzoo.cl\/index.php\/wp-json\/wp\/v2\/product_cat?post=1472"},{"taxonomy":"product_tag","embeddable":true,"href":"https:\/\/familyzoo.cl\/index.php\/wp-json\/wp\/v2\/product_tag?post=1472"}],"curies":[{"name":"wp","href":"https:\/\/api.w.org\/{rel}","templated":true}]}}