{"id":1473,"date":"2025-12-12T16:16:00","date_gmt":"2025-12-12T19:16:00","guid":{"rendered":"https:\/\/familyzoo.cl\/?post_type=product&#038;p=1473"},"modified":"2025-12-12T16:16:00","modified_gmt":"2025-12-12T19:16:00","slug":"orijen-small-breed","status":"publish","type":"product","link":"https:\/\/familyzoo.cl\/index.php\/producto\/orijen-small-breed\/","title":{"rendered":"Orijen Small Breed"},"content":{"rendered":"<p>Ayuda a tu perro a prosperar con la energ\u00eda de las recetas ricas en prote\u00ednas, que proporcionan la m\u00e1xima nutrici\u00f3n. Tu perro de raza peque\u00f1a tiene algunas necesidades nutricionales espec\u00edficas y requiere una dieta Biologically Appropriate\u2122 (Biol\u00f3gicamente Apropiada) para estar sano. La dieta ORIJEN<sup>\u2122<\/sup>\u00a0Small Breed est\u00e1 formulada espec\u00edficamente para los perros de raza peque\u00f1a, con prote\u00edna nutritiva de \u00a0pollo, pavo, pescado y codorniz en una forma de croqueta exclusiva que es m\u00e1s f\u00e1cil de comer. Rico en ingredientes de origen animal de presa entera como \u00f3rganos y huesos, ORIJEN\u2122 Small Breed est\u00e1 elaborado con las partes suculentas y nutritivas de la presa, para proporcionar la nutrici\u00f3n que los perros necesitan. El resultado es una dieta para tu peque\u00f1o perro que no tiene comparaci\u00f3n.<\/p>\n<ul>\n<li>Los 5 primeros ingredientes son ingredientes de aves y pescado frescos o crudos.<\/li>\n<li>85% de ingredientes de aves y pescado de calidad, que proporcionan una rica fuente de prote\u00ednas, vitaminas y minerales esenciales.<\/li>\n<li>Alimento rico en prote\u00edna para satisfacer sus mayores necesidades energ\u00e9ticas y una nutrici\u00f3n equilibrada para ayudar a mantener un peso saludable.<\/li>\n<li>Recubrimiento liofilizado para una explosi\u00f3n de sabor que a tu perro le encantar\u00e1.<\/li>\n<li>Elaborado en Canad\u00e1 con los mejores ingredientes del mundo.<\/li>\n<li>Ingredientes sin cereales.<\/li>\n<\/ul>\n","protected":false},"excerpt":{"rendered":"<p>Alimento Orijen small breed 2kg<\/p>\n","protected":false},"featured_media":1470,"template":"","meta":[],"product_brand":[107],"product_cat":[21,106],"product_tag":[24,108],"class_list":{"0":"post-1473","1":"product","2":"type-product","3":"status-publish","4":"has-post-thumbnail","6":"product_brand-orijen","7":"product_cat-alimento-perro","8":"product_cat-orijen","9":"product_tag-alimento-perro","10":"product_tag-orijen","12":"first","13":"instock","14":"taxable","15":"shipping-taxable","16":"purchasable","17":"product-type-simple"},"jetpack_sharing_enabled":true,"_links":{"self":[{"href":"https:\/\/familyzoo.cl\/index.php\/wp-json\/wp\/v2\/product\/1473","targetHints":{"allow":["GET"]}}],"collection":[{"href":"https:\/\/familyzoo.cl\/index.php\/wp-json\/wp\/v2\/product"}],"about":[{"href":"https:\/\/familyzoo.cl\/index.php\/wp-json\/wp\/v2\/types\/product"}],"wp:featuredmedia":[{"embeddable":true,"href":"https:\/\/familyzoo.cl\/index.php\/wp-json\/wp\/v2\/media\/1470"}],"wp:attachment":[{"href":"https:\/\/familyzoo.cl\/index.php\/wp-json\/wp\/v2\/media?parent=1473"}],"wp:term":[{"taxonomy":"product_brand","embeddable":true,"href":"https:\/\/familyzoo.cl\/index.php\/wp-json\/wp\/v2\/product_brand?post=1473"},{"taxonomy":"product_cat","embeddable":true,"href":"https:\/\/familyzoo.cl\/index.php\/wp-json\/wp\/v2\/product_cat?post=1473"},{"taxonomy":"product_tag","embeddable":true,"href":"https:\/\/familyzoo.cl\/index.php\/wp-json\/wp\/v2\/product_tag?post=1473"}],"curies":[{"name":"wp","href":"https:\/\/api.w.org\/{rel}","templated":true}]}}