{"id":1482,"date":"2025-12-12T17:00:53","date_gmt":"2025-12-12T20:00:53","guid":{"rendered":"https:\/\/familyzoo.cl\/?post_type=product&#038;p=1482"},"modified":"2025-12-12T17:00:53","modified_gmt":"2025-12-12T20:00:53","slug":"acana-meadowlands","status":"publish","type":"product","link":"https:\/\/familyzoo.cl\/index.php\/producto\/acana-meadowlands\/","title":{"rendered":"Acana Meadowlands"},"content":{"rendered":"<p><span dir=\"auto\">Rica en prote\u00edna animal, nuestra Receta ACANA\u2122 Highest Protein Meadowlands satisfar\u00e1 por completo a tu gato con sus ricos ingredientes av\u00edcolas y su sabor. Elaborada con un 75 % de ingredientes animales, incluyendo pollo y pavo criados en libertad e h\u00edgado de pollo, esta receta proporciona a tu gato una variedad de nutritivas prote\u00ednas animales. Esta receta rica en nutrientes tambi\u00e9n contribuye a la salud digestiva de tu gato, una piel y un pelaje saludables, y una salud cardiovascular y ocular. \u00a1Nutre completamente a tu felino con la rica prote\u00edna animal y la nutrici\u00f3n de la Receta ACANA Highest Protein Meadowlands!<\/span><\/p>\n<p>&nbsp;<\/p>\n<ul>\n<li><span dir=\"auto\">Los primeros 3 ingredientes de esta receta son ingredientes animales frescos o crudos ricos en prote\u00ednas animales nutritivas.<\/span><\/li>\n<li><span dir=\"auto\">Prote\u00ednas de alta calidad, fibra y una mezcla de probi\u00f3ticos ayudan a favorecer la salud digestiva de su gato.<\/span><\/li>\n<li><span dir=\"auto\">Los \u00e1cidos grasos Omega-3 y Omega-6 equilibrados ayudan a mantener una piel sana y un pelaje brillante.<\/span><\/li>\n<li><span dir=\"auto\">Incluye taurina, EPA y DHA: nutrientes esenciales que su gato necesita para ayudar a mantener la salud ocular y card\u00edaca.<\/span><\/li>\n<li><span dir=\"auto\">Elaborado en EE. UU. con los mejores ingredientes del mundo.<\/span><\/li>\n<\/ul>\n","protected":false},"excerpt":{"rendered":"<p>Alimento Acana meadowlands 1.8kg<\/p>\n","protected":false},"featured_media":1479,"template":"","meta":[],"product_brand":[110],"product_cat":[109,73],"product_tag":[111,71],"class_list":{"0":"post-1482","1":"product","2":"type-product","3":"status-publish","4":"has-post-thumbnail","6":"product_brand-acana","7":"product_cat-acana","8":"product_cat-alimento-gato","9":"product_tag-acana","10":"product_tag-alimento-gato","12":"first","13":"instock","14":"taxable","15":"shipping-taxable","16":"purchasable","17":"product-type-simple"},"jetpack_sharing_enabled":true,"_links":{"self":[{"href":"https:\/\/familyzoo.cl\/index.php\/wp-json\/wp\/v2\/product\/1482","targetHints":{"allow":["GET"]}}],"collection":[{"href":"https:\/\/familyzoo.cl\/index.php\/wp-json\/wp\/v2\/product"}],"about":[{"href":"https:\/\/familyzoo.cl\/index.php\/wp-json\/wp\/v2\/types\/product"}],"wp:featuredmedia":[{"embeddable":true,"href":"https:\/\/familyzoo.cl\/index.php\/wp-json\/wp\/v2\/media\/1479"}],"wp:attachment":[{"href":"https:\/\/familyzoo.cl\/index.php\/wp-json\/wp\/v2\/media?parent=1482"}],"wp:term":[{"taxonomy":"product_brand","embeddable":true,"href":"https:\/\/familyzoo.cl\/index.php\/wp-json\/wp\/v2\/product_brand?post=1482"},{"taxonomy":"product_cat","embeddable":true,"href":"https:\/\/familyzoo.cl\/index.php\/wp-json\/wp\/v2\/product_cat?post=1482"},{"taxonomy":"product_tag","embeddable":true,"href":"https:\/\/familyzoo.cl\/index.php\/wp-json\/wp\/v2\/product_tag?post=1482"}],"curies":[{"name":"wp","href":"https:\/\/api.w.org\/{rel}","templated":true}]}}