{"id":1504,"date":"2025-12-12T17:09:06","date_gmt":"2025-12-12T20:09:06","guid":{"rendered":"https:\/\/familyzoo.cl\/?post_type=product&#038;p=1504"},"modified":"2025-12-21T21:34:08","modified_gmt":"2025-12-22T00:34:08","slug":"acana-bountiful-catch","status":"publish","type":"product","link":"https:\/\/familyzoo.cl\/index.php\/producto\/acana-bountiful-catch\/","title":{"rendered":"Acana Bountiful Catch"},"content":{"rendered":"<p><span dir=\"auto\">Especialmente elaborada con abundante pescado, nuestra Receta ACANA\u2122 Bountiful Catch satisface a tu gato con ricos ingredientes de pescado. Enriquecida con un 65 % de ingredientes animales de calidad,<\/span><span dir=\"auto\">\u00a0salm\u00f3n crudo y arenque entero, Bountiful Catch ofrece la prote\u00edna animal que tu gato necesita para alcanzar su m\u00e1ximo potencial. Esta receta rica en nutrientes tambi\u00e9n contribuye a mejorar los beneficios clave para la salud de tu gato, como una piel y un pelaje saludables, un coraz\u00f3n y una vista sanos, y una buena digesti\u00f3n. \u00a1Nutre a tu felino con una receta a base de pescado dise\u00f1ada para mantenerlo sano y feliz con ACANA Bountiful Catch!<\/span><\/p>\n<p>&nbsp;<\/p>\n<ul>\n<li><span dir=\"auto\">Rico con un 65% de ingredientes animales de calidad como salm\u00f3n crudo y arenque entero.<\/span><\/li>\n<li><span dir=\"auto\">Los \u00e1cidos grasos Omega-3 y Omega-6 equilibrados favorecen una piel sana y un pelaje brillante.<\/span><\/li>\n<li><span dir=\"auto\">La taurina, el EPA y el DHA son nutrientes esenciales para ayudar a mantener la salud ocular y card\u00edaca de su gato.<\/span><\/li>\n<li><span dir=\"auto\">Prote\u00ednas de alta calidad, fibra y una mezcla de probi\u00f3ticos ayudan a favorecer la salud digestiva de su gato.<\/span><\/li>\n<li><span dir=\"auto\">Elaborado en EE. UU. con los mejores ingredientes del mundo.<\/span><\/li>\n<\/ul>\n","protected":false},"excerpt":{"rendered":"<p>Alimento Acana bountiful catch<\/p>\n","protected":false},"featured_media":1485,"template":"","meta":[],"product_brand":[110],"product_cat":[109,73],"product_tag":[111,71],"class_list":{"0":"post-1504","1":"product","2":"type-product","3":"status-publish","4":"has-post-thumbnail","6":"product_brand-acana","7":"product_cat-acana","8":"product_cat-alimento-gato","9":"product_tag-acana","10":"product_tag-alimento-gato","12":"first","13":"instock","14":"taxable","15":"shipping-taxable","16":"purchasable","17":"product-type-variable"},"jetpack_sharing_enabled":true,"_links":{"self":[{"href":"https:\/\/familyzoo.cl\/index.php\/wp-json\/wp\/v2\/product\/1504","targetHints":{"allow":["GET"]}}],"collection":[{"href":"https:\/\/familyzoo.cl\/index.php\/wp-json\/wp\/v2\/product"}],"about":[{"href":"https:\/\/familyzoo.cl\/index.php\/wp-json\/wp\/v2\/types\/product"}],"wp:featuredmedia":[{"embeddable":true,"href":"https:\/\/familyzoo.cl\/index.php\/wp-json\/wp\/v2\/media\/1485"}],"wp:attachment":[{"href":"https:\/\/familyzoo.cl\/index.php\/wp-json\/wp\/v2\/media?parent=1504"}],"wp:term":[{"taxonomy":"product_brand","embeddable":true,"href":"https:\/\/familyzoo.cl\/index.php\/wp-json\/wp\/v2\/product_brand?post=1504"},{"taxonomy":"product_cat","embeddable":true,"href":"https:\/\/familyzoo.cl\/index.php\/wp-json\/wp\/v2\/product_cat?post=1504"},{"taxonomy":"product_tag","embeddable":true,"href":"https:\/\/familyzoo.cl\/index.php\/wp-json\/wp\/v2\/product_tag?post=1504"}],"curies":[{"name":"wp","href":"https:\/\/api.w.org\/{rel}","templated":true}]}}