{"id":1505,"date":"2025-12-12T17:24:28","date_gmt":"2025-12-12T20:24:28","guid":{"rendered":"https:\/\/familyzoo.cl\/?post_type=product&#038;p=1505"},"modified":"2025-12-12T17:24:28","modified_gmt":"2025-12-12T20:24:28","slug":"acana-first-feast-kitten","status":"publish","type":"product","link":"https:\/\/familyzoo.cl\/index.php\/producto\/acana-first-feast-kitten\/","title":{"rendered":"Acana First Feast Kitten"},"content":{"rendered":"<p><span dir=\"auto\">Especialmente dise\u00f1ada para tu gatito, nuestra Receta ACANA\u2122 First Feast ayuda a su crecimiento y desarrollo. Enriquecida con un 70 % de ingredientes animales de calidad,<\/span><span dir=\"auto\"> pollo fresco o crudo de corral y<\/span><span dir=\"auto\">\u00a0arenque entero, First Feast aporta la prote\u00edna animal que tu gatito necesita para crecer fuerte. Esta receta rica en nutrientes tambi\u00e9n contribuye a beneficios clave para la salud de tu gatito, como piel y pelaje sanos, m\u00fasculos y huesos sanos, y desarrollo ocular y cerebral. \u00a1Nutre a tu gatito con una receta dise\u00f1ada para que crezca sano y feliz con ACANA First Feast!<\/span><\/p>\n<p>&nbsp;<\/p>\n<ul>\n<li><span dir=\"auto\">Rico en un 70% de ingredientes animales de calidad\u00a0<\/span><span dir=\"auto\">como pollo y pavo de corral<\/span><span dir=\"auto\">\u00a0y arenque entero.<\/span><\/li>\n<li><span dir=\"auto\">Los \u00e1cidos grasos Omega-3 y Omega-6 equilibrados favorecen una piel sana y un pelaje brillante.<\/span><\/li>\n<li><span dir=\"auto\">La prote\u00edna de alta calidad procedente de ingredientes animales favorece el crecimiento y desarrollo de los m\u00fasculos y los huesos de tu gatito.<\/span><\/li>\n<li><span dir=\"auto\">La taurina, el EPA y el DHA son importantes para el crecimiento y el desarrollo de la funci\u00f3n cognitiva y retiniana saludable de su gatito.<\/span><\/li>\n<li><span dir=\"auto\">Elaborado en EE. UU. con los mejores ingredientes del mundo<\/span><\/li>\n<\/ul>\n","protected":false},"excerpt":{"rendered":"<p>Alimento Acana first feast kitten 1.8kg<\/p>\n","protected":false},"featured_media":1487,"template":"","meta":[],"product_brand":[110],"product_cat":[109,73],"product_tag":[111,71,72],"class_list":{"0":"post-1505","1":"product","2":"type-product","3":"status-publish","4":"has-post-thumbnail","6":"product_brand-acana","7":"product_cat-acana","8":"product_cat-alimento-gato","9":"product_tag-acana","10":"product_tag-alimento-gato","11":"product_tag-gato-kitten","13":"first","14":"instock","15":"taxable","16":"shipping-taxable","17":"purchasable","18":"product-type-simple"},"jetpack_sharing_enabled":true,"_links":{"self":[{"href":"https:\/\/familyzoo.cl\/index.php\/wp-json\/wp\/v2\/product\/1505","targetHints":{"allow":["GET"]}}],"collection":[{"href":"https:\/\/familyzoo.cl\/index.php\/wp-json\/wp\/v2\/product"}],"about":[{"href":"https:\/\/familyzoo.cl\/index.php\/wp-json\/wp\/v2\/types\/product"}],"wp:featuredmedia":[{"embeddable":true,"href":"https:\/\/familyzoo.cl\/index.php\/wp-json\/wp\/v2\/media\/1487"}],"wp:attachment":[{"href":"https:\/\/familyzoo.cl\/index.php\/wp-json\/wp\/v2\/media?parent=1505"}],"wp:term":[{"taxonomy":"product_brand","embeddable":true,"href":"https:\/\/familyzoo.cl\/index.php\/wp-json\/wp\/v2\/product_brand?post=1505"},{"taxonomy":"product_cat","embeddable":true,"href":"https:\/\/familyzoo.cl\/index.php\/wp-json\/wp\/v2\/product_cat?post=1505"},{"taxonomy":"product_tag","embeddable":true,"href":"https:\/\/familyzoo.cl\/index.php\/wp-json\/wp\/v2\/product_tag?post=1505"}],"curies":[{"name":"wp","href":"https:\/\/api.w.org\/{rel}","templated":true}]}}