{"id":1508,"date":"2025-12-12T17:33:46","date_gmt":"2025-12-12T20:33:46","guid":{"rendered":"https:\/\/familyzoo.cl\/?post_type=product&#038;p=1508"},"modified":"2026-01-01T16:07:38","modified_gmt":"2026-01-01T19:07:38","slug":"acana-freshwater-fish-blend","status":"publish","type":"product","link":"https:\/\/familyzoo.cl\/index.php\/producto\/acana-freshwater-fish-blend\/","title":{"rendered":"Acana Freshwater Fish Blend"},"content":{"rendered":"<p><span dir=\"auto\">Lleve a casa la nutrici\u00f3n de calidad que su perro necesita para prosperar con la mezcla de pescado de agua dulce ACANA\u2122. Trucha arco\u00edris cruda, bagre y corvina de agua dulce, ricas en prote\u00ednas, se equilibran con calabaza entera, berza, manzanas y peras para ofrecer una opci\u00f3n deliciosa y nutritiva para su perro. Este alimento para perros ACANA contiene un 60 % de ingredientes animales<\/span><span dir=\"auto\"> y un 40 % de<\/span><span dir=\"auto\">\u00a0frutas y verduras. Sin conservantes, saborizantes ni colorantes artificiales a\u00f1adidos en nuestra cocina, ni ingredientes de bajo costo como soya, ma\u00edz, tapioca o trigo, para garantizar que su peludo miembro de la familia reciba solo lo mejor. A\u00fan mejor, este alimento seco para perros ayuda a promover la salud digestiva con fibra, adem\u00e1s de una mezcla de prebi\u00f3ticos y probi\u00f3ticos, ingredientes ricos en antioxidantes y vitamina E a\u00f1adida que ayudan a mantener un sistema inmunitario saludable. Elija las croquetas de alimento seco para perros ACANA para brindarle a su compa\u00f1ero la base nutricional que necesita para vivir una vida feliz y saludable.<\/span><\/p>\n<p>&nbsp;<\/p>\n<ul>\n<li><span dir=\"auto\">Los dos primeros ingredientes de esta nutritiva receta de alimento seco para perros son trucha cruda y bagre.<\/span><\/li>\n<li><span dir=\"auto\">Equilibrado con verduras y frutas ricas en fibra como calabaza entera, manzanas y peras.<\/span><\/li>\n<li><span dir=\"auto\">Esta receta de croquetas no incluye ingredientes de granos <\/span><span dir=\"auto\">ni ingredientes de bajo costo como soja, ma\u00edz, trigo o tapioca.<\/span><\/li>\n<li><span dir=\"auto\">M\u00e9zclalo y agrega variedad para tu perro combinando esta receta para perros ACANA con alimento h\u00famedo para perros ACANA y alimento liofilizado para obtener una comida deliciosa y nutritiva.<\/span><\/li>\n<li><span dir=\"auto\">Fabricado en EE. UU. con ingredientes de calidad de todo el mundo.<\/span><\/li>\n<\/ul>\n","protected":false},"excerpt":{"rendered":"<p>Alimento Acana freshwater fish blend 2kg<\/p>\n","protected":false},"featured_media":1497,"template":"","meta":[],"product_brand":[110],"product_cat":[109,21],"product_tag":[111,24],"class_list":{"0":"post-1508","1":"product","2":"type-product","3":"status-publish","4":"has-post-thumbnail","6":"product_brand-acana","7":"product_cat-acana","8":"product_cat-alimento-perro","9":"product_tag-acana","10":"product_tag-alimento-perro","12":"first","13":"instock","14":"taxable","15":"shipping-taxable","16":"purchasable","17":"product-type-simple"},"jetpack_sharing_enabled":true,"_links":{"self":[{"href":"https:\/\/familyzoo.cl\/index.php\/wp-json\/wp\/v2\/product\/1508","targetHints":{"allow":["GET"]}}],"collection":[{"href":"https:\/\/familyzoo.cl\/index.php\/wp-json\/wp\/v2\/product"}],"about":[{"href":"https:\/\/familyzoo.cl\/index.php\/wp-json\/wp\/v2\/types\/product"}],"wp:featuredmedia":[{"embeddable":true,"href":"https:\/\/familyzoo.cl\/index.php\/wp-json\/wp\/v2\/media\/1497"}],"wp:attachment":[{"href":"https:\/\/familyzoo.cl\/index.php\/wp-json\/wp\/v2\/media?parent=1508"}],"wp:term":[{"taxonomy":"product_brand","embeddable":true,"href":"https:\/\/familyzoo.cl\/index.php\/wp-json\/wp\/v2\/product_brand?post=1508"},{"taxonomy":"product_cat","embeddable":true,"href":"https:\/\/familyzoo.cl\/index.php\/wp-json\/wp\/v2\/product_cat?post=1508"},{"taxonomy":"product_tag","embeddable":true,"href":"https:\/\/familyzoo.cl\/index.php\/wp-json\/wp\/v2\/product_tag?post=1508"}],"curies":[{"name":"wp","href":"https:\/\/api.w.org\/{rel}","templated":true}]}}