{"id":1509,"date":"2025-12-12T17:37:48","date_gmt":"2025-12-12T20:37:48","guid":{"rendered":"https:\/\/familyzoo.cl\/?post_type=product&#038;p=1509"},"modified":"2025-12-12T17:37:48","modified_gmt":"2025-12-12T20:37:48","slug":"acana-puppy-recipe","status":"publish","type":"product","link":"https:\/\/familyzoo.cl\/index.php\/producto\/acana-puppy-recipe\/","title":{"rendered":"Acana Puppy Recipe"},"content":{"rendered":"<p><span dir=\"auto\">Nos obsesionamos con cada ingrediente de nuestras recetas de alimento para perros ACANA\u2122, asegur\u00e1ndonos de que cada una deleite a tu perro con sabor y nutrici\u00f3n. Por eso, nuestra receta de alimento seco para cachorros ACANA est\u00e1 cuidadosamente elaborada para ayudar a nutrir las necesidades de tu cachorro en crecimiento, incluyendo el desarrollo cerebral, muscular y \u00f3seo, y un tama\u00f1o de croqueta m\u00e1s peque\u00f1o, perfecto para bocas en crecimiento. Este alimento para cachorros est\u00e1 equilibrado con un 65 % de ingredientes animales ricos en prote\u00ednas<\/span><span dir=\"auto\">, como pollo y pavo de corral<\/span><span dir=\"auto\">, lenguado crudo y huevos frescos, y un 35 % de verduras, frutas y nutrientes saludables. <\/span><span dir=\"auto\">\u00a1Nuestra receta de alimento para cachorros ACANA los har\u00e1 sentir tan bien por dentro que lo notar\u00e1s por fuera!<\/span><\/p>\n<p>&nbsp;<\/p>\n<ul>\n<li><span dir=\"auto\">Los dos primeros ingredientes de esta nutritiva receta de alimento seco para perros tienen pollo y pavo frescos o crudos.<\/span><\/li>\n<li><span dir=\"auto\">Equilibrado con verduras y frutas ricas en fibra como calabaza entera, manzanas y peras.<\/span><\/li>\n<li><span dir=\"auto\">Esta receta de croquetas no incluye ingredientes de granos <\/span><span dir=\"auto\">ni ingredientes de bajo costo como soja, ma\u00edz, trigo o tapioca.<\/span><\/li>\n<li><span dir=\"auto\">M\u00e9zclalo y agrega variedad para tu perro combinando esta receta para perros ACANA con alimento h\u00famedo para perros ACANA y alimento liofilizado para obtener una comida deliciosa y nutritiva.<\/span><\/li>\n<li><span dir=\"auto\">Fabricado en EE. UU. con ingredientes de calidad de todo el mundo.<\/span><\/li>\n<\/ul>\n","protected":false},"excerpt":{"rendered":"<p>Alimento Acana puppy recipe 2kg<\/p>\n","protected":false},"featured_media":1498,"template":"","meta":[],"product_brand":[110],"product_cat":[109,21],"product_tag":[111,24,41],"class_list":{"0":"post-1509","1":"product","2":"type-product","3":"status-publish","4":"has-post-thumbnail","6":"product_brand-acana","7":"product_cat-acana","8":"product_cat-alimento-perro","9":"product_tag-acana","10":"product_tag-alimento-perro","11":"product_tag-perro-cachorro","13":"first","14":"instock","15":"taxable","16":"shipping-taxable","17":"purchasable","18":"product-type-simple"},"jetpack_sharing_enabled":true,"_links":{"self":[{"href":"https:\/\/familyzoo.cl\/index.php\/wp-json\/wp\/v2\/product\/1509","targetHints":{"allow":["GET"]}}],"collection":[{"href":"https:\/\/familyzoo.cl\/index.php\/wp-json\/wp\/v2\/product"}],"about":[{"href":"https:\/\/familyzoo.cl\/index.php\/wp-json\/wp\/v2\/types\/product"}],"wp:featuredmedia":[{"embeddable":true,"href":"https:\/\/familyzoo.cl\/index.php\/wp-json\/wp\/v2\/media\/1498"}],"wp:attachment":[{"href":"https:\/\/familyzoo.cl\/index.php\/wp-json\/wp\/v2\/media?parent=1509"}],"wp:term":[{"taxonomy":"product_brand","embeddable":true,"href":"https:\/\/familyzoo.cl\/index.php\/wp-json\/wp\/v2\/product_brand?post=1509"},{"taxonomy":"product_cat","embeddable":true,"href":"https:\/\/familyzoo.cl\/index.php\/wp-json\/wp\/v2\/product_cat?post=1509"},{"taxonomy":"product_tag","embeddable":true,"href":"https:\/\/familyzoo.cl\/index.php\/wp-json\/wp\/v2\/product_tag?post=1509"}],"curies":[{"name":"wp","href":"https:\/\/api.w.org\/{rel}","templated":true}]}}