{"id":1510,"date":"2025-12-12T17:41:38","date_gmt":"2025-12-12T20:41:38","guid":{"rendered":"https:\/\/familyzoo.cl\/?post_type=product&#038;p=1510"},"modified":"2025-12-12T17:41:38","modified_gmt":"2025-12-12T20:41:38","slug":"acana-wild-atlantic-recipe","status":"publish","type":"product","link":"https:\/\/familyzoo.cl\/index.php\/producto\/acana-wild-atlantic-recipe\/","title":{"rendered":"Acana Wild Atlantic Recipe"},"content":{"rendered":"<p><span dir=\"auto\">Con la mayor cantidad de prote\u00ednas en alimentos para mascotas ACANA\u00ae\u00a0<\/span><sup><span dir=\"auto\">,<\/span><\/sup><span dir=\"auto\"> nuestra Receta del Atl\u00e1ntico Silvestre con Mayor Prote\u00edna est\u00e1 enriquecida con un 70 % de ingredientes animales de calidad, como caballa entera, arenque, gallineta n\u00f3rdica, merluza plateada y platija, y equilibrada con m\u00e1s del 30 % de frutas, verduras y productos bot\u00e1nicos, muchos de ellos suministrados a diario. Nunca a\u00f1adimos colorantes, saborizantes ni conservantes artificiales en nuestra cocina.<\/span><\/p>\n<p><span dir=\"auto\">Nuestros ingredientes premium provienen de un selecto grupo de agricultores, ganaderos y pescadores que conocemos y en quienes confiamos desde hace d\u00e9cadas. En nuestra galardonada cocina de Kentucky, elaboramos cada lote con un compromiso insuperable con la seguridad y la calidad. El resultado es un alimento para perros rico en prote\u00ednas, nutritivo y delicioso que les ayuda a vivir una vida sana y feliz.<\/span><\/p>\n<p><b><span dir=\"auto\">Beneficios clave:<\/span><\/b><\/p>\n<ul>\n<li><span dir=\"auto\">Los tres primeros ingredientes son pescado crudo entero, rico en nutrientes y prote\u00ednas. Nuestros ingredientes crudos se congelan en su punto \u00f3ptimo de frescura.<\/span><\/li>\n<li><span dir=\"auto\">Incluye verduras y frutas frescas o crudas como berza, calabaza entera, calabaza moscada, zanahorias, manzanas y peras; nutritivas y ricas en fibra.<\/span><\/li>\n<li><span dir=\"auto\">Sin ingredientes de granos a\u00f1adidos, soja, ma\u00edz, trigo o tapioca.<\/span><\/li>\n<li><span dir=\"auto\">Recubierto con h\u00edgado de bacalao liofilizado para un sabor delicioso que su perro anhelar\u00e1.<\/span><\/li>\n<li><span dir=\"auto\">Hecho en EE. UU. con los mejores ingredientes del mundo.<\/span><\/li>\n<\/ul>\n","protected":false},"excerpt":{"rendered":"<p>Alimento Acana wild atlantic recipe 2kg<\/p>\n","protected":false},"featured_media":1489,"template":"","meta":[],"product_brand":[110],"product_cat":[109,21],"product_tag":[24,34],"class_list":{"0":"post-1510","1":"product","2":"type-product","3":"status-publish","4":"has-post-thumbnail","6":"product_brand-acana","7":"product_cat-acana","8":"product_cat-alimento-perro","9":"product_tag-alimento-perro","10":"product_tag-perro-adulto","12":"first","13":"instock","14":"taxable","15":"shipping-taxable","16":"purchasable","17":"product-type-simple"},"jetpack_sharing_enabled":true,"_links":{"self":[{"href":"https:\/\/familyzoo.cl\/index.php\/wp-json\/wp\/v2\/product\/1510","targetHints":{"allow":["GET"]}}],"collection":[{"href":"https:\/\/familyzoo.cl\/index.php\/wp-json\/wp\/v2\/product"}],"about":[{"href":"https:\/\/familyzoo.cl\/index.php\/wp-json\/wp\/v2\/types\/product"}],"wp:featuredmedia":[{"embeddable":true,"href":"https:\/\/familyzoo.cl\/index.php\/wp-json\/wp\/v2\/media\/1489"}],"wp:attachment":[{"href":"https:\/\/familyzoo.cl\/index.php\/wp-json\/wp\/v2\/media?parent=1510"}],"wp:term":[{"taxonomy":"product_brand","embeddable":true,"href":"https:\/\/familyzoo.cl\/index.php\/wp-json\/wp\/v2\/product_brand?post=1510"},{"taxonomy":"product_cat","embeddable":true,"href":"https:\/\/familyzoo.cl\/index.php\/wp-json\/wp\/v2\/product_cat?post=1510"},{"taxonomy":"product_tag","embeddable":true,"href":"https:\/\/familyzoo.cl\/index.php\/wp-json\/wp\/v2\/product_tag?post=1510"}],"curies":[{"name":"wp","href":"https:\/\/api.w.org\/{rel}","templated":true}]}}