{"id":1512,"date":"2025-12-12T17:48:56","date_gmt":"2025-12-12T20:48:56","guid":{"rendered":"https:\/\/familyzoo.cl\/?post_type=product&#038;p=1512"},"modified":"2025-12-21T19:56:24","modified_gmt":"2025-12-21T22:56:24","slug":"acana-meadowland-recipe","status":"publish","type":"product","link":"https:\/\/familyzoo.cl\/index.php\/producto\/acana-meadowland-recipe\/","title":{"rendered":"Acana Meadowland Recipe"},"content":{"rendered":"<p><span dir=\"auto\">Con la mayor cantidad de prote\u00ednas en alimentos para mascotas ACANA\u00ae\u00a0<\/span><sup><span dir=\"auto\">,<\/span><\/sup><span dir=\"auto\"> nuestra Receta Meadowland Alta en Prote\u00edna est\u00e1 enriquecida con un 70 % de ingredientes animales de calidad, como pollo y pavo de corral, pescado silvestre y de cultivo sostenible, y equilibrada con m\u00e1s del 30 % de <\/span><span dir=\"auto\">frutas, verduras y productos bot\u00e1nicos, muchos de ellos suministrados a diario. Nunca a\u00f1adimos colorantes, saborizantes ni conservantes artificiales en nuestra cocina.<\/span><\/p>\n<p>&nbsp;<\/p>\n<p><span dir=\"auto\">Nuestros ingredientes premium provienen de un selecto grupo de agricultores, ganaderos y pescadores que conocemos y en quienes confiamos desde hace d\u00e9cadas. En nuestra galardonada cocina de Kentucky, elaboramos cada lote con un compromiso insuperable con la seguridad y la calidad. El resultado es un alimento para perros rico en prote\u00ednas, nutritivo y delicioso que les ayuda a vivir una vida sana y feliz.<\/span><\/p>\n<p><b><span dir=\"auto\">Beneficios clave:<\/span><\/b><\/p>\n<ul>\n<li><span dir=\"auto\">Los tres primeros ingredientes son pollo y pavo frescos o crudos, ricos en nutrientes y prote\u00ednas. Nuestros ingredientes frescos se conservan en refrigeraci\u00f3n como \u00fanico m\u00e9todo de conservaci\u00f3n y la materia prima se congela en su punto \u00f3ptimo de frescura.<\/span><\/li>\n<li><span dir=\"auto\">Incluye verduras y frutas frescas o crudas como berza, calabaza entera, calabaza moscada, zanahorias, manzanas y peras; nutritivas y ricas en fibra.<\/span><\/li>\n<li><span dir=\"auto\">Sin ingredientes de granos a\u00f1adidos, soja, ma\u00edz, trigo o tapioca.<\/span><\/li>\n<li><span dir=\"auto\">Recubierto con h\u00edgado de pollo y pavo liofilizado para un sabor delicioso que su perro anhelar\u00e1.<\/span><\/li>\n<li><span dir=\"auto\">Hecho en EE. UU. con los mejores ingredientes del mundo.<\/span><\/li>\n<\/ul>\n","protected":false},"excerpt":{"rendered":"<p>Alimento Acana meadowland recipe 2kg<\/p>\n","protected":false},"featured_media":1501,"template":"","meta":[],"product_brand":[110],"product_cat":[109,21],"product_tag":[111,24],"class_list":{"0":"post-1512","1":"product","2":"type-product","3":"status-publish","4":"has-post-thumbnail","6":"product_brand-acana","7":"product_cat-acana","8":"product_cat-alimento-perro","9":"product_tag-acana","10":"product_tag-alimento-perro","12":"first","13":"outofstock","14":"taxable","15":"shipping-taxable","16":"purchasable","17":"product-type-simple"},"jetpack_sharing_enabled":true,"_links":{"self":[{"href":"https:\/\/familyzoo.cl\/index.php\/wp-json\/wp\/v2\/product\/1512","targetHints":{"allow":["GET"]}}],"collection":[{"href":"https:\/\/familyzoo.cl\/index.php\/wp-json\/wp\/v2\/product"}],"about":[{"href":"https:\/\/familyzoo.cl\/index.php\/wp-json\/wp\/v2\/types\/product"}],"wp:featuredmedia":[{"embeddable":true,"href":"https:\/\/familyzoo.cl\/index.php\/wp-json\/wp\/v2\/media\/1501"}],"wp:attachment":[{"href":"https:\/\/familyzoo.cl\/index.php\/wp-json\/wp\/v2\/media?parent=1512"}],"wp:term":[{"taxonomy":"product_brand","embeddable":true,"href":"https:\/\/familyzoo.cl\/index.php\/wp-json\/wp\/v2\/product_brand?post=1512"},{"taxonomy":"product_cat","embeddable":true,"href":"https:\/\/familyzoo.cl\/index.php\/wp-json\/wp\/v2\/product_cat?post=1512"},{"taxonomy":"product_tag","embeddable":true,"href":"https:\/\/familyzoo.cl\/index.php\/wp-json\/wp\/v2\/product_tag?post=1512"}],"curies":[{"name":"wp","href":"https:\/\/api.w.org\/{rel}","templated":true}]}}