{"id":1543,"date":"2025-12-21T21:04:45","date_gmt":"2025-12-22T00:04:45","guid":{"rendered":"https:\/\/familyzoo.cl\/?post_type=product&#038;p=1543"},"modified":"2025-12-21T21:04:45","modified_gmt":"2025-12-22T00:04:45","slug":"orijen-six-fish","status":"publish","type":"product","link":"https:\/\/familyzoo.cl\/index.php\/producto\/orijen-six-fish\/","title":{"rendered":"Orijen Six Fish"},"content":{"rendered":"<p>Ayude a su perro a desarrollarse plenamente mediante el poder de las recetas ricas en prote\u00ednas que proporcionan la m\u00e1xima nutrici\u00f3n. ORIJEN Six Fish para perros de todas las razas y etapas de la vida est\u00e1 elaborado con una variedad de suculentos pescados, como sardina, caballa, merluza, platija, pez de roca y lenguado crudos capturados en estado salvaje. Con un 85%\u00b9 de ingredientes procedentes del pescado, la receta Six Fish est\u00e1 elaborada con las partes m\u00e1s suculentas y ricas en nutrientes de la presa y no contiene cereales, patata, tapioca ni concentrados de prote\u00ednas vegetales. Resulta ideal para perros con est\u00f3mago delicado y alergias.<\/p>\n<ol>\n<li>RECETA RICA EN PROTE\u00cdNAS formulada para aportar una nutrici\u00f3n \u00f3ptima a perros de todas las razas y etapas de la vida.<\/li>\n<li>Con pescado salvaje y abundante inclusi\u00f3n de ingredientes de origen animal enteros como \u00f3rganos y espinas.<\/li>\n<li>CONTRIBUYEN A MANTENER UNA PIEL Y UN PELAJE SALUDABLES gracias al pescado, que proporciona una fuente de \u00e1cidos grasos omega-3 y omega-6.<\/li>\n<li>RECUBIERTO CON LIOFILIZADO PARA UNA EXPLOSI\u00d3N DE SABOR que a su perro le encantar\u00e1.<\/li>\n<li>85% de INGREDIENTES DE ORIGEN ANIMAL DE CALIDAD y 15% de verduras, frutas y productos bot\u00e1nicos. No contiene cereales, patata, tapioca ni concentrados de prote\u00ednas vegetales.<\/li>\n<\/ol>\n","protected":false},"excerpt":{"rendered":"<p>Alimento Orijen six fish<\/p>\n","protected":false},"featured_media":1544,"template":"","meta":[],"product_brand":[107],"product_cat":[21,106],"product_tag":[24,108],"class_list":{"0":"post-1543","1":"product","2":"type-product","3":"status-publish","4":"has-post-thumbnail","6":"product_brand-orijen","7":"product_cat-alimento-perro","8":"product_cat-orijen","9":"product_tag-alimento-perro","10":"product_tag-orijen","12":"first","13":"instock","14":"taxable","15":"shipping-taxable","16":"purchasable","17":"product-type-variable"},"jetpack_sharing_enabled":true,"_links":{"self":[{"href":"https:\/\/familyzoo.cl\/index.php\/wp-json\/wp\/v2\/product\/1543","targetHints":{"allow":["GET"]}}],"collection":[{"href":"https:\/\/familyzoo.cl\/index.php\/wp-json\/wp\/v2\/product"}],"about":[{"href":"https:\/\/familyzoo.cl\/index.php\/wp-json\/wp\/v2\/types\/product"}],"wp:featuredmedia":[{"embeddable":true,"href":"https:\/\/familyzoo.cl\/index.php\/wp-json\/wp\/v2\/media\/1544"}],"wp:attachment":[{"href":"https:\/\/familyzoo.cl\/index.php\/wp-json\/wp\/v2\/media?parent=1543"}],"wp:term":[{"taxonomy":"product_brand","embeddable":true,"href":"https:\/\/familyzoo.cl\/index.php\/wp-json\/wp\/v2\/product_brand?post=1543"},{"taxonomy":"product_cat","embeddable":true,"href":"https:\/\/familyzoo.cl\/index.php\/wp-json\/wp\/v2\/product_cat?post=1543"},{"taxonomy":"product_tag","embeddable":true,"href":"https:\/\/familyzoo.cl\/index.php\/wp-json\/wp\/v2\/product_tag?post=1543"}],"curies":[{"name":"wp","href":"https:\/\/api.w.org\/{rel}","templated":true}]}}