{"id":1556,"date":"2025-12-21T21:24:22","date_gmt":"2025-12-22T00:24:22","guid":{"rendered":"https:\/\/familyzoo.cl\/?post_type=product&#038;p=1556"},"modified":"2025-12-21T21:24:22","modified_gmt":"2025-12-22T00:24:22","slug":"orijen-original","status":"publish","type":"product","link":"https:\/\/familyzoo.cl\/index.php\/producto\/orijen-original\/","title":{"rendered":"Orijen Original"},"content":{"rendered":"<p>Ayude a su gato a desarrollarse plenamente con ORIJEN Original Cat. Este alimento completo proporciona una dieta optimizada para gatos de todas las razas y etapas de la vida y es la opci\u00f3n ideal para los gatos que est\u00e1n en proceso de transici\u00f3n a ORIJEN. Esta receta contiene un 85% de ingredientes de origen animal de calidad procedentes del pollo, el pavo y el pescado salvaje, elaborados con las partes de las presas m\u00e1s suculentas y ricas en nutrientes para proporcionar la nutrici\u00f3n que necesitan los gatos. No contiene cereales, patata, tapioca ni concentrados de prote\u00ednas vegetales.<\/p>\n<ol>\n<li>RECETA RICA EN PROTE\u00cdNAS con taurina natural que contribuye a la salud card\u00edaca. Adecuadas para gatos de todas las razas y etapas de la vida.<\/li>\n<li>CON UNA GRAN CANTIDAD DE INGREDIENTES DE ORIGEN ANIMAL DE PRESA ENTERA, como aves de corral, pescado, \u00f3rganos y huesos.<\/li>\n<li>CONTRIBUYE A MANTENER UNA PIEL Y UN PELAJE SALUDABLES gracias al pescado salvaje, que proporciona una fuente de \u00e1cidos grasos omega-3.<\/li>\n<li>RECUBIERTO CON LIOFILIZADO PARA UNA EXPLOSI\u00d3N DE SABOR que a su gato le encantar\u00e1.<\/li>\n<li>85% DE INGREDIENTES DE ORIGEN ANIMAL DE CALIDAD y 15% de verduras, frutas y productos bot\u00e1nicos. No contiene cereales, patata, tapioca ni concentrados de prote\u00ednas vegetales.<\/li>\n<\/ol>\n","protected":false},"excerpt":{"rendered":"<p>Alimento Orijen original<\/p>\n","protected":false},"featured_media":1557,"template":"","meta":[],"product_brand":[107],"product_cat":[73,106],"product_tag":[71,108],"class_list":{"0":"post-1556","1":"product","2":"type-product","3":"status-publish","4":"has-post-thumbnail","6":"product_brand-orijen","7":"product_cat-alimento-gato","8":"product_cat-orijen","9":"product_tag-alimento-gato","10":"product_tag-orijen","12":"first","13":"instock","14":"taxable","15":"shipping-taxable","16":"purchasable","17":"product-type-simple"},"jetpack_sharing_enabled":true,"_links":{"self":[{"href":"https:\/\/familyzoo.cl\/index.php\/wp-json\/wp\/v2\/product\/1556","targetHints":{"allow":["GET"]}}],"collection":[{"href":"https:\/\/familyzoo.cl\/index.php\/wp-json\/wp\/v2\/product"}],"about":[{"href":"https:\/\/familyzoo.cl\/index.php\/wp-json\/wp\/v2\/types\/product"}],"wp:featuredmedia":[{"embeddable":true,"href":"https:\/\/familyzoo.cl\/index.php\/wp-json\/wp\/v2\/media\/1557"}],"wp:attachment":[{"href":"https:\/\/familyzoo.cl\/index.php\/wp-json\/wp\/v2\/media?parent=1556"}],"wp:term":[{"taxonomy":"product_brand","embeddable":true,"href":"https:\/\/familyzoo.cl\/index.php\/wp-json\/wp\/v2\/product_brand?post=1556"},{"taxonomy":"product_cat","embeddable":true,"href":"https:\/\/familyzoo.cl\/index.php\/wp-json\/wp\/v2\/product_cat?post=1556"},{"taxonomy":"product_tag","embeddable":true,"href":"https:\/\/familyzoo.cl\/index.php\/wp-json\/wp\/v2\/product_tag?post=1556"}],"curies":[{"name":"wp","href":"https:\/\/api.w.org\/{rel}","templated":true}]}}