{"id":1576,"date":"2025-12-21T21:59:42","date_gmt":"2025-12-22T00:59:42","guid":{"rendered":"https:\/\/familyzoo.cl\/?post_type=product&#038;p=1576"},"modified":"2026-03-15T21:46:38","modified_gmt":"2026-03-16T00:46:38","slug":"nomade-adulto-raza-pequena","status":"publish","type":"product","link":"https:\/\/familyzoo.cl\/index.php\/producto\/nomade-adulto-raza-pequena\/","title":{"rendered":"N\u00f3made adulto raza peque\u00f1a"},"content":{"rendered":"<p>N\u00f3made es un alimento para perros adultos de razas peque\u00f1as desarrollado por expertos en nutrici\u00f3n animal.<br \/>\nUn alimento que excede los requerimientos nutricionales de perros adultos, a\u00fan de las razas m\u00e1s exigentes, proporcionando una dieta sana y equilibrada para una vida plena, feliz y en movimiento.<\/p>\n","protected":false},"excerpt":{"rendered":"<p>Alimento N\u00f3made adulto raza peque\u00f1a<\/p>\n","protected":false},"featured_media":1571,"template":"","meta":[],"product_brand":[113],"product_cat":[112,20],"product_tag":[24,114,34,28],"class_list":{"0":"post-1576","1":"product","2":"type-product","3":"status-publish","4":"has-post-thumbnail","6":"product_brand-nomade","7":"product_cat-nomade","8":"product_cat-sin-categorizar","9":"product_tag-alimento-perro","10":"product_tag-nomade","11":"product_tag-perro-adulto","12":"product_tag-raza-pequena","14":"first","15":"instock","16":"taxable","17":"shipping-taxable","18":"purchasable","19":"product-type-simple"},"jetpack_sharing_enabled":true,"_links":{"self":[{"href":"https:\/\/familyzoo.cl\/index.php\/wp-json\/wp\/v2\/product\/1576","targetHints":{"allow":["GET"]}}],"collection":[{"href":"https:\/\/familyzoo.cl\/index.php\/wp-json\/wp\/v2\/product"}],"about":[{"href":"https:\/\/familyzoo.cl\/index.php\/wp-json\/wp\/v2\/types\/product"}],"wp:featuredmedia":[{"embeddable":true,"href":"https:\/\/familyzoo.cl\/index.php\/wp-json\/wp\/v2\/media\/1571"}],"wp:attachment":[{"href":"https:\/\/familyzoo.cl\/index.php\/wp-json\/wp\/v2\/media?parent=1576"}],"wp:term":[{"taxonomy":"product_brand","embeddable":true,"href":"https:\/\/familyzoo.cl\/index.php\/wp-json\/wp\/v2\/product_brand?post=1576"},{"taxonomy":"product_cat","embeddable":true,"href":"https:\/\/familyzoo.cl\/index.php\/wp-json\/wp\/v2\/product_cat?post=1576"},{"taxonomy":"product_tag","embeddable":true,"href":"https:\/\/familyzoo.cl\/index.php\/wp-json\/wp\/v2\/product_tag?post=1576"}],"curies":[{"name":"wp","href":"https:\/\/api.w.org\/{rel}","templated":true}]}}