{"id":1577,"date":"2025-12-21T22:02:46","date_gmt":"2025-12-22T01:02:46","guid":{"rendered":"https:\/\/familyzoo.cl\/?post_type=product&#038;p=1577"},"modified":"2026-04-20T13:20:36","modified_gmt":"2026-04-20T17:20:36","slug":"nomade-cachorro","status":"publish","type":"product","link":"https:\/\/familyzoo.cl\/index.php\/producto\/nomade-cachorro\/","title":{"rendered":"N\u00f3made cachorro"},"content":{"rendered":"<p>N\u00f3made es un alimento para perros cachorros de todas las razas desarrollado por expertos en nutrici\u00f3n animal.<\/p>\n<p>Un alimento que excede los requerimientos nutricionales de los cachorros, para lograr un desarrollo al m\u00e1ximo de su potencial gen\u00e9tico, proporcionando una dieta sana y equilibrada para una vida plena, feliz y en movimiento.<\/p>\n","protected":false},"excerpt":{"rendered":"<p>Alimento N\u00f3made cachorro<\/p>\n","protected":false},"featured_media":1572,"template":"","meta":[],"product_brand":[113],"product_cat":[112,20],"product_tag":[24,114,41],"class_list":{"0":"post-1577","1":"product","2":"type-product","3":"status-publish","4":"has-post-thumbnail","6":"product_brand-nomade","7":"product_cat-nomade","8":"product_cat-sin-categorizar","9":"product_tag-alimento-perro","10":"product_tag-nomade","11":"product_tag-perro-cachorro","13":"first","14":"instock","15":"taxable","16":"shipping-taxable","17":"purchasable","18":"product-type-simple"},"jetpack_sharing_enabled":true,"_links":{"self":[{"href":"https:\/\/familyzoo.cl\/index.php\/wp-json\/wp\/v2\/product\/1577","targetHints":{"allow":["GET"]}}],"collection":[{"href":"https:\/\/familyzoo.cl\/index.php\/wp-json\/wp\/v2\/product"}],"about":[{"href":"https:\/\/familyzoo.cl\/index.php\/wp-json\/wp\/v2\/types\/product"}],"wp:featuredmedia":[{"embeddable":true,"href":"https:\/\/familyzoo.cl\/index.php\/wp-json\/wp\/v2\/media\/1572"}],"wp:attachment":[{"href":"https:\/\/familyzoo.cl\/index.php\/wp-json\/wp\/v2\/media?parent=1577"}],"wp:term":[{"taxonomy":"product_brand","embeddable":true,"href":"https:\/\/familyzoo.cl\/index.php\/wp-json\/wp\/v2\/product_brand?post=1577"},{"taxonomy":"product_cat","embeddable":true,"href":"https:\/\/familyzoo.cl\/index.php\/wp-json\/wp\/v2\/product_cat?post=1577"},{"taxonomy":"product_tag","embeddable":true,"href":"https:\/\/familyzoo.cl\/index.php\/wp-json\/wp\/v2\/product_tag?post=1577"}],"curies":[{"name":"wp","href":"https:\/\/api.w.org\/{rel}","templated":true}]}}