{"id":1595,"date":"2026-01-01T15:38:44","date_gmt":"2026-01-01T18:38:44","guid":{"rendered":"https:\/\/familyzoo.cl\/?post_type=product&#038;p=1595"},"modified":"2026-04-20T13:20:27","modified_gmt":"2026-04-20T17:20:27","slug":"wanpy-adulto-tuna","status":"publish","type":"product","link":"https:\/\/familyzoo.cl\/index.php\/producto\/wanpy-adulto-tuna\/","title":{"rendered":"Wanpy adulto tuna"},"content":{"rendered":"<p>Wanpy Adult Cat Tuna es un alimento completo, formulado para gatos adultos desde el a\u00f1o de vida. Elaborado con at\u00fan como fuente principal de prote\u00edna, es libre de granos y est\u00e1 enriquecido con taurina, fibra, probi\u00f3ticos y hierbas medicinales, favoreciendo la salud digestiva, el sistema inmune y el adecuado desarrollo de \u00f3rganos vitales y funciones fisiol\u00f3gicas. Incluye bocados horneados que mejoran la palatabilidad y textura, ideal para gatos exigentes o selectivos.<\/p>\n","protected":false},"excerpt":{"rendered":"<p><strong>Alimento Wanpy gato adulto at\u00fan 1.5kg<\/strong><\/p>\n","protected":false},"featured_media":1612,"template":"","meta":[],"product_brand":[116],"product_cat":[20,115],"product_tag":[71,117],"class_list":{"0":"post-1595","1":"product","2":"type-product","3":"status-publish","4":"has-post-thumbnail","6":"product_brand-wanpy","7":"product_cat-sin-categorizar","8":"product_cat-wanpy","9":"product_tag-alimento-gato","10":"product_tag-wanpy","12":"first","13":"instock","14":"taxable","15":"shipping-taxable","16":"purchasable","17":"product-type-simple"},"jetpack_sharing_enabled":true,"_links":{"self":[{"href":"https:\/\/familyzoo.cl\/index.php\/wp-json\/wp\/v2\/product\/1595","targetHints":{"allow":["GET"]}}],"collection":[{"href":"https:\/\/familyzoo.cl\/index.php\/wp-json\/wp\/v2\/product"}],"about":[{"href":"https:\/\/familyzoo.cl\/index.php\/wp-json\/wp\/v2\/types\/product"}],"wp:featuredmedia":[{"embeddable":true,"href":"https:\/\/familyzoo.cl\/index.php\/wp-json\/wp\/v2\/media\/1612"}],"wp:attachment":[{"href":"https:\/\/familyzoo.cl\/index.php\/wp-json\/wp\/v2\/media?parent=1595"}],"wp:term":[{"taxonomy":"product_brand","embeddable":true,"href":"https:\/\/familyzoo.cl\/index.php\/wp-json\/wp\/v2\/product_brand?post=1595"},{"taxonomy":"product_cat","embeddable":true,"href":"https:\/\/familyzoo.cl\/index.php\/wp-json\/wp\/v2\/product_cat?post=1595"},{"taxonomy":"product_tag","embeddable":true,"href":"https:\/\/familyzoo.cl\/index.php\/wp-json\/wp\/v2\/product_tag?post=1595"}],"curies":[{"name":"wp","href":"https:\/\/api.w.org\/{rel}","templated":true}]}}