{"id":1617,"date":"2026-01-01T15:44:31","date_gmt":"2026-01-01T18:44:31","guid":{"rendered":"https:\/\/familyzoo.cl\/?post_type=product&#038;p=1617"},"modified":"2026-03-23T12:58:55","modified_gmt":"2026-03-23T15:58:55","slug":"wanpy-adulto-salmon","status":"publish","type":"product","link":"https:\/\/familyzoo.cl\/index.php\/producto\/wanpy-adulto-salmon\/","title":{"rendered":"Wanpy adulto salm\u00f3n"},"content":{"rendered":"<p>Wanpy Adult Cat Salm\u00f3n es un alimento completo, formulado para gatos adultos desde el a\u00f1o de vida. Elaborado con salm\u00f3n como fuente principal de prote\u00edna, es libre de granos y est\u00e1 enriquecido con taurina, fibra, probi\u00f3ticos y hierbas medicinales, favoreciendo la salud digestiva, el sistema inmune y el adecuado desarrollo de \u00f3rganos vitales y funciones fisiol\u00f3gicas. Incluye bocados horneados que mejoran la palatabilidad y textura, ideal para gatos exigentes o selectivos.<\/p>\n","protected":false},"excerpt":{"rendered":"<p>Alimento Wanpy gato adulto salm\u00f3n 1.5kg<\/p>\n","protected":false},"featured_media":1614,"template":"","meta":[],"product_brand":[116],"product_cat":[73,20,115],"product_tag":[71,117],"class_list":{"0":"post-1617","1":"product","2":"type-product","3":"status-publish","4":"has-post-thumbnail","6":"product_brand-wanpy","7":"product_cat-alimento-gato","8":"product_cat-sin-categorizar","9":"product_cat-wanpy","10":"product_tag-alimento-gato","11":"product_tag-wanpy","13":"first","14":"instock","15":"taxable","16":"shipping-taxable","17":"purchasable","18":"product-type-simple"},"jetpack_sharing_enabled":true,"_links":{"self":[{"href":"https:\/\/familyzoo.cl\/index.php\/wp-json\/wp\/v2\/product\/1617","targetHints":{"allow":["GET"]}}],"collection":[{"href":"https:\/\/familyzoo.cl\/index.php\/wp-json\/wp\/v2\/product"}],"about":[{"href":"https:\/\/familyzoo.cl\/index.php\/wp-json\/wp\/v2\/types\/product"}],"wp:featuredmedia":[{"embeddable":true,"href":"https:\/\/familyzoo.cl\/index.php\/wp-json\/wp\/v2\/media\/1614"}],"wp:attachment":[{"href":"https:\/\/familyzoo.cl\/index.php\/wp-json\/wp\/v2\/media?parent=1617"}],"wp:term":[{"taxonomy":"product_brand","embeddable":true,"href":"https:\/\/familyzoo.cl\/index.php\/wp-json\/wp\/v2\/product_brand?post=1617"},{"taxonomy":"product_cat","embeddable":true,"href":"https:\/\/familyzoo.cl\/index.php\/wp-json\/wp\/v2\/product_cat?post=1617"},{"taxonomy":"product_tag","embeddable":true,"href":"https:\/\/familyzoo.cl\/index.php\/wp-json\/wp\/v2\/product_tag?post=1617"}],"curies":[{"name":"wp","href":"https:\/\/api.w.org\/{rel}","templated":true}]}}