{"id":1626,"date":"2026-01-01T16:05:21","date_gmt":"2026-01-01T19:05:21","guid":{"rendered":"https:\/\/familyzoo.cl\/?post_type=product&#038;p=1626"},"modified":"2026-04-20T13:20:18","modified_gmt":"2026-04-20T17:20:18","slug":"wanpy-puppy-chicken","status":"publish","type":"product","link":"https:\/\/familyzoo.cl\/index.php\/producto\/wanpy-puppy-chicken\/","title":{"rendered":"Wanpy puppy chicken"},"content":{"rendered":"<p>Wanpy Puppy Dog Chicken es un alimento completo para cachorros. Posee pechuga de pollo como fuente de principal de prote\u00edna. Es libre de granos y est\u00e1 enriquecido con probi\u00f3ticos, glucosamina, condroitina y hierbas medicinales que favorecen la digesti\u00f3n, el cuidado articular y el fortalecimiento del sistema inmune. Adem\u00e1s, incorpora bocados horneados que elevan su palatabilidad y textura.<\/p>\n","protected":false},"excerpt":{"rendered":"<p>Alimento Wanpy puppy pollo 1.5kg<\/p>\n","protected":false},"featured_media":1606,"template":"","meta":[],"product_brand":[116],"product_cat":[21,20,115],"product_tag":[24,41,117],"class_list":{"0":"post-1626","1":"product","2":"type-product","3":"status-publish","4":"has-post-thumbnail","6":"product_brand-wanpy","7":"product_cat-alimento-perro","8":"product_cat-sin-categorizar","9":"product_cat-wanpy","10":"product_tag-alimento-perro","11":"product_tag-perro-cachorro","12":"product_tag-wanpy","14":"first","15":"outofstock","16":"taxable","17":"shipping-taxable","18":"purchasable","19":"product-type-simple"},"jetpack_sharing_enabled":true,"_links":{"self":[{"href":"https:\/\/familyzoo.cl\/index.php\/wp-json\/wp\/v2\/product\/1626","targetHints":{"allow":["GET"]}}],"collection":[{"href":"https:\/\/familyzoo.cl\/index.php\/wp-json\/wp\/v2\/product"}],"about":[{"href":"https:\/\/familyzoo.cl\/index.php\/wp-json\/wp\/v2\/types\/product"}],"wp:featuredmedia":[{"embeddable":true,"href":"https:\/\/familyzoo.cl\/index.php\/wp-json\/wp\/v2\/media\/1606"}],"wp:attachment":[{"href":"https:\/\/familyzoo.cl\/index.php\/wp-json\/wp\/v2\/media?parent=1626"}],"wp:term":[{"taxonomy":"product_brand","embeddable":true,"href":"https:\/\/familyzoo.cl\/index.php\/wp-json\/wp\/v2\/product_brand?post=1626"},{"taxonomy":"product_cat","embeddable":true,"href":"https:\/\/familyzoo.cl\/index.php\/wp-json\/wp\/v2\/product_cat?post=1626"},{"taxonomy":"product_tag","embeddable":true,"href":"https:\/\/familyzoo.cl\/index.php\/wp-json\/wp\/v2\/product_tag?post=1626"}],"curies":[{"name":"wp","href":"https:\/\/api.w.org\/{rel}","templated":true}]}}